{"id":10320,"date":"2018-10-04T14:53:43","date_gmt":"2018-10-04T12:53:43","guid":{"rendered":"http:\/\/beeldenstorm.be\/web\/?page_id=10320"},"modified":"2019-01-07T10:01:19","modified_gmt":"2019-01-07T09:01:19","slug":"gekrulde-woorden-gekrulde-zinnen-gedicht","status":"publish","type":"page","link":"https:\/\/beeldenstorm.be\/web\/teksten\/inspirerende-gedichten\/gekrulde-woorden-gekrulde-zinnen-gedicht\/","title":{"rendered":"Gekrulde woorden gekrulde zinnen \u2022 gedicht"},"content":{"rendered":"<p>[nl]<\/p>\n<h5>Gekrulde woorden gekrulde zinnen<\/h5>\n<p>Gekrulde haren schrijven schoonschrift<br \/>\nop zorgeloze lijntjes van je gelaat<br \/>\nje woordjes krullen zinnen<br \/>\nze vormen verzen in mijn hart<\/p>\n<p>ze kronkelen door mijn denken<br \/>\nze buigen stugge lijnen af<br \/>\nze brengen mij op paadjes<br \/>\ngeheime plekken in mijn hoofd<br \/>\n\ufffc<br \/>\nde zin die jij aan woorden geeft<br \/>\nze loopt in dubbel\u2019 richting<br \/>\nzodat ik nu is wel<br \/>\nen nu is niet<br \/>\nje lieve lepe trekjes kan bevatten<\/p>\n<p>je sleept mijn wezen uit balans<br \/>\ngeniet van \u2018t dronken walsen<br \/>\nvan \u2018t denken in een helder glas<br \/>\nberoert door zachte lippen<\/p>\n<p>de afdruk die je achterlaat<br \/>\nde lichten in je ogen<br \/>\nde smaak die ik mocht ervaren<br \/>\nze houden mij in evenwicht<br \/>\ntot einde mijner dagen.<\/p>\n<p><em>Nik Honinckx, oktober 2018<\/em><\/p>\n<p>&nbsp;<\/p>\n<p>[fr]<\/p>\n<p><strong>Mots frisel\u00e9s phrases ondul\u00e9es<\/strong><\/p>\n<p>Cheveux fris\u00e9s s\u2019appliquant \u00e0 l\u2019\u00e9criture<br \/>\nsur les lignes insouciantes de ton visage<br \/>\ntes petits mots fris\u00e8lent des phrases<br \/>\nformant des po\u00e8mes dans mon c\u0153ur<\/p>\n<p>ils serpentent dans ma pens\u00e9e<br \/>\nils inclinent des lignes r\u00e9tives<br \/>\nils m\u2019entra\u00eenent sur des sentiers<br \/>\ndes endroits secrets dans ma t\u00eate<\/p>\n<p>le sens dont tu affubles les mots<br \/>\nil va dans les deux sens<br \/>\nde sorte qu\u2019une fois oui<br \/>\nune fois non<br \/>\nj\u2019arrive \u00e0 saisir tes petits traits malins<\/p>\n<p>tu arraches mon \u00eatre \u00e0 mon \u00e9quilibre<br \/>\ntu savoures l\u2019ivresse de la valse<br \/>\nle penser dans un verre cristallin<br \/>\nqu\u2019ont fr\u00f4l\u00e9 des l\u00e8vres douces<\/p>\n<p>l\u2019empreinte que tu laisses<br \/>\nles \u00e9clats dans tes yeux<br \/>\nla saveur que j\u2019ai pu go\u00fbter<br \/>\n(ils) m\u2019assurent mon \u00e9quilibre<br \/>\njusqu\u2019\u00e0 la fin de mes jours<\/p>\n<p><em>Nik Honinckx, octobre 2018<\/em><\/p>\n","protected":false},"excerpt":{"rendered":"<p>[nl] Gekrulde woorden gekrulde zinnen Gekrulde haren schrijven schoonschrift op [&hellip;]<\/p>\n","protected":false},"author":19,"featured_media":0,"parent":307,"menu_order":0,"comment_status":"closed","ping_status":"closed","template":"","meta":{"_EventAllDay":false,"_EventTimezone":"","_EventStartDate":"","_EventEndDate":"","_EventStartDateUTC":"","_EventEndDateUTC":"","_EventShowMap":false,"_EventShowMapLink":false,"_EventURL":"","_EventCost":"","_EventCostDescription":"","_EventCurrencySymbol":"","_EventCurrencyPosition":"","_EventDateTimeSeparator":"","_EventTimeRangeSeparator":"","_EventOrganizerID":[],"_EventVenueID":0,"_OrganizerEmail":"","_OrganizerPhone":"","_OrganizerWebsite":"","_VenueAddress":"","_VenueCity":"","_VenueCountry":"","_VenueProvince":"","_VenueZip":"","_VenuePhone":"","_VenueURL":"","_VenueStateProvince":"","_VenueLat":"","_VenueLng":"","_tribe_blocks_recurrence_rules":"","_tribe_blocks_recurrence_exclusions":"","_tribe_blocks_recurrence_description":"","spay_email":""},"jetpack_sharing_enabled":true,"jetpack_shortlink":"https:\/\/wp.me\/P22GyJ-2Gs","_links":{"self":[{"href":"https:\/\/beeldenstorm.be\/web\/wp-json\/wp\/v2\/pages\/10320"}],"collection":[{"href":"https:\/\/beeldenstorm.be\/web\/wp-json\/wp\/v2\/pages"}],"about":[{"href":"https:\/\/beeldenstorm.be\/web\/wp-json\/wp\/v2\/types\/page"}],"author":[{"embeddable":true,"href":"https:\/\/beeldenstorm.be\/web\/wp-json\/wp\/v2\/users\/19"}],"replies":[{"embeddable":true,"href":"https:\/\/beeldenstorm.be\/web\/wp-json\/wp\/v2\/comments?post=10320"}],"version-history":[{"count":3,"href":"https:\/\/beeldenstorm.be\/web\/wp-json\/wp\/v2\/pages\/10320\/revisions"}],"predecessor-version":[{"id":10732,"href":"https:\/\/beeldenstorm.be\/web\/wp-json\/wp\/v2\/pages\/10320\/revisions\/10732"}],"up":[{"embeddable":true,"href":"https:\/\/beeldenstorm.be\/web\/wp-json\/wp\/v2\/pages\/307"}],"wp:attachment":[{"href":"https:\/\/beeldenstorm.be\/web\/wp-json\/wp\/v2\/media?parent=10320"}],"curies":[{"name":"wp","href":"https:\/\/api.w.org\/{rel}","templated":true}]}}