{"id":14189,"date":"2021-02-24T14:24:26","date_gmt":"2021-02-24T13:24:26","guid":{"rendered":"https:\/\/beeldenstorm.be\/web\/?page_id=14189"},"modified":"2021-06-28T17:05:49","modified_gmt":"2021-06-28T15:05:49","slug":"music-for-violin-and-piano-duo-vermeulen-verpoest-cd","status":"publish","type":"page","link":"https:\/\/beeldenstorm.be\/web\/promotie-en-productie\/music-for-violin-and-piano-duo-vermeulen-verpoest-cd\/","title":{"rendered":"&#8216;Music For Violin and Piano&#8217; &#8211; Duo Vermeulen Verpoest\u00a0\u2022 cd"},"content":{"rendered":"\n<p><em>Componist(en):<\/em><\/p>\n\n\n\n<ul><li><strong>Leos Jan\u00e1cek: <\/strong>Sonate voor viool en piano \u2013 Predtucha &#8211; 1.X.1905 \u2013 1.X.1905<\/li><li><strong>B\u00e9la Bart\u00f3k: <\/strong>Lassu \u2013 Friss<\/li><li><strong>Tim Mulleman: <\/strong>Duo voor viool en piano<\/li><li><strong>George Enescu:<\/strong> Prelude a l&#8217;unison impressions d&#8217;Enfance<\/li><\/ul>\n\n\n\n<p><em>Artiest(en):<\/em><\/p>\n\n\n\n<ul><li><strong>Diede Verpoest<\/strong> (Viool), <strong>Claus Vermeulen<\/strong> (Piano)<\/li><\/ul>\n\n\n<p><img loading=\"lazy\" class=\"alignnone size-medium wp-image-14199\" src=\"https:\/\/beeldenstorm.be\/web\/files\/2021\/02\/Duo-Vermeulen-Verpoes-Viool_en_Piano_WEB-2-560x517.jpeg\" alt=\"\" width=\"560\" height=\"517\" srcset=\"https:\/\/beeldenstorm.be\/web\/files\/2021\/02\/Duo-Vermeulen-Verpoes-Viool_en_Piano_WEB-2-560x517.jpeg 560w, https:\/\/beeldenstorm.be\/web\/files\/2021\/02\/Duo-Vermeulen-Verpoes-Viool_en_Piano_WEB-2-1024x945.jpeg 1024w, https:\/\/beeldenstorm.be\/web\/files\/2021\/02\/Duo-Vermeulen-Verpoes-Viool_en_Piano_WEB-2-280x258.jpeg 280w, https:\/\/beeldenstorm.be\/web\/files\/2021\/02\/Duo-Vermeulen-Verpoes-Viool_en_Piano_WEB-2-768x709.jpeg 768w, https:\/\/beeldenstorm.be\/web\/files\/2021\/02\/Duo-Vermeulen-Verpoes-Viool_en_Piano_WEB-2.jpeg 1040w\" sizes=\"(max-width: 560px) 100vw, 560px\" \/><\/p>\n<p><img loading=\"lazy\" class=\"alignnone size-medium wp-image-14238\" src=\"https:\/\/beeldenstorm.be\/web\/files\/2021\/02\/Duo-Vermeulen-Verpoest_achterkant_WEB-560x438.jpg\" alt=\"\" width=\"560\" height=\"438\" srcset=\"https:\/\/beeldenstorm.be\/web\/files\/2021\/02\/Duo-Vermeulen-Verpoest_achterkant_WEB-560x438.jpg 560w, https:\/\/beeldenstorm.be\/web\/files\/2021\/02\/Duo-Vermeulen-Verpoest_achterkant_WEB-1024x800.jpg 1024w, https:\/\/beeldenstorm.be\/web\/files\/2021\/02\/Duo-Vermeulen-Verpoest_achterkant_WEB-280x219.jpg 280w, https:\/\/beeldenstorm.be\/web\/files\/2021\/02\/Duo-Vermeulen-Verpoest_achterkant_WEB-768x600.jpg 768w, https:\/\/beeldenstorm.be\/web\/files\/2021\/02\/Duo-Vermeulen-Verpoest_achterkant_WEB-1536x1200.jpg 1536w, https:\/\/beeldenstorm.be\/web\/files\/2021\/02\/Duo-Vermeulen-Verpoest_achterkant_WEB.jpg 1783w\" sizes=\"(max-width: 560px) 100vw, 560px\" \/><\/p>\n\n\n<p><small>Et&#8217;cetera KTC 1<\/small>712<small> \u2022 65&#8242; \u2022 Opname: winter 2021, Beeldenstorm, Anderlecht \u2022 ET&#8217;CETERA RECORDS<\/small><\/p>\n\n\n\n<figure class=\"wp-block-audio\"><audio controls src=\"https:\/\/beeldenstorm.be\/web\/files\/2021\/02\/Duo-Vermeulen-Verpoest-CD-preview.mp3\"><\/audio><\/figure>\n\n\n\n<p>Deze cd is te koop voor&nbsp;<strong>\u20ac21.50<\/strong>&nbsp;per cd <em>incl.&nbsp;BTW.&nbsp;<\/em><\/p>\n\n\n\n<p><strong>Concept<\/strong> Het doel van ons debuutalbum is om een bloemlezing voor te stellen van Oost-Europese muziek uit de twintigste eeuw. Muziek die een sterke connectie heeft met haar plaats van herkomst en de lokale volksmuziek. Dit laatste is opmerkelijk in een eeuw waarin Radical nieuwe wegen werden ingestaan. Ook Jan\u00e1cek, Bart\u00f3ken Enescu waren exploratief op hun eigen manier. Jan\u00e1cek deed dit binnen een laatromantisch kader met een eigenzinnige harmonische taal en een improvisatorische stijl.<br>Bart\u00f3k speelde dan weer vaak met expressionisme terwijl Enescu eerder be\u00efnvloed werd door de Franse impressionisten. Toch zijn deze vernieuwingen zelfs voor onervaren luisteraars niet onbegrijpelijk. <br>De voedingsbodem en menselijkheid waarin deze muziek geworteld is, maakt ze universeel en geeft elke innovatie een plek in een organisch geheel. Het werk van Tim Mulleman werd specifiek voor deze CD geschreven. Het werpt een eigentijdse blik op ons programma met een occasionele knipoog naar Enescu. Het geeft ons de kans om ook werk uit onze eigen generatie te presenteren en vervolledigt hiermee ons debuut.<\/p>\n\n\n\n<p>Als uitvoerders proberen we zo dicht mogelijk de ziel en de bedoeling van de componist te benaderen terwijl we toch onze vrijheid en eigenheid behouden. in de eerste plaats willen we de luisteraar onderdompelen in de tijdsgeest en de cultuur van de componisten hiernaast hopen we zowel met het werk van Mulleman als met onze interpretaties, ook een stuk van onszelf en onze eigen wortels te verklanken.<\/p>\n\n\n\n<p style=\"font-size:10px\"><em>tekst &#8211; Claus Vermeulen<br>foto &#8211; Isabelle Pateer<\/em><\/p>\n\n\n<h6>recensie<\/h6>\n\n\n<figure class=\"wp-block-image size-large is-resized\"><img loading=\"lazy\" src=\"https:\/\/beeldenstorm.be\/web\/files\/2021\/06\/recensie_VV_a-724x1024.jpg\" alt=\"\" class=\"wp-image-14471\" width=\"697\" height=\"985\" srcset=\"https:\/\/beeldenstorm.be\/web\/files\/2021\/06\/recensie_VV_a-724x1024.jpg 724w, https:\/\/beeldenstorm.be\/web\/files\/2021\/06\/recensie_VV_a-560x792.jpg 560w, https:\/\/beeldenstorm.be\/web\/files\/2021\/06\/recensie_VV_a-280x396.jpg 280w, https:\/\/beeldenstorm.be\/web\/files\/2021\/06\/recensie_VV_a-768x1086.jpg 768w, https:\/\/beeldenstorm.be\/web\/files\/2021\/06\/recensie_VV_a.jpg 905w\" sizes=\"(max-width: 697px) 100vw, 697px\" \/><\/figure>\n","protected":false},"excerpt":{"rendered":"<p>Componist(en): Leos Jan\u00e1cek: Sonate voor viool en piano \u2013 Predtucha [&hellip;]<\/p>\n","protected":false},"author":22,"featured_media":0,"parent":2196,"menu_order":0,"comment_status":"closed","ping_status":"closed","template":"","meta":{"_EventAllDay":false,"_EventTimezone":"","_EventStartDate":"","_EventEndDate":"","_EventStartDateUTC":"","_EventEndDateUTC":"","_EventShowMap":false,"_EventShowMapLink":false,"_EventURL":"","_EventCost":"","_EventCostDescription":"","_EventCurrencySymbol":"","_EventCurrencyPosition":"","_EventDateTimeSeparator":"","_EventTimeRangeSeparator":"","_EventOrganizerID":[],"_EventVenueID":0,"_OrganizerEmail":"","_OrganizerPhone":"","_OrganizerWebsite":"","_VenueAddress":"","_VenueCity":"","_VenueCountry":"","_VenueProvince":"","_VenueZip":"","_VenuePhone":"","_VenueURL":"","_VenueStateProvince":"","_VenueLat":"","_VenueLng":"","_tribe_blocks_recurrence_rules":"","_tribe_blocks_recurrence_exclusions":"","_tribe_blocks_recurrence_description":"","spay_email":""},"jetpack_sharing_enabled":true,"jetpack_shortlink":"https:\/\/wp.me\/P22GyJ-3GR","_links":{"self":[{"href":"https:\/\/beeldenstorm.be\/web\/wp-json\/wp\/v2\/pages\/14189"}],"collection":[{"href":"https:\/\/beeldenstorm.be\/web\/wp-json\/wp\/v2\/pages"}],"about":[{"href":"https:\/\/beeldenstorm.be\/web\/wp-json\/wp\/v2\/types\/page"}],"author":[{"embeddable":true,"href":"https:\/\/beeldenstorm.be\/web\/wp-json\/wp\/v2\/users\/22"}],"replies":[{"embeddable":true,"href":"https:\/\/beeldenstorm.be\/web\/wp-json\/wp\/v2\/comments?post=14189"}],"version-history":[{"count":14,"href":"https:\/\/beeldenstorm.be\/web\/wp-json\/wp\/v2\/pages\/14189\/revisions"}],"predecessor-version":[{"id":14472,"href":"https:\/\/beeldenstorm.be\/web\/wp-json\/wp\/v2\/pages\/14189\/revisions\/14472"}],"up":[{"embeddable":true,"href":"https:\/\/beeldenstorm.be\/web\/wp-json\/wp\/v2\/pages\/2196"}],"wp:attachment":[{"href":"https:\/\/beeldenstorm.be\/web\/wp-json\/wp\/v2\/media?parent=14189"}],"curies":[{"name":"wp","href":"https:\/\/api.w.org\/{rel}","templated":true}]}}