{"id":14691,"date":"2021-11-19T14:14:09","date_gmt":"2021-11-19T13:14:09","guid":{"rendered":"https:\/\/beeldenstorm.be\/web\/?page_id=14691"},"modified":"2021-11-19T14:14:09","modified_gmt":"2021-11-19T13:14:09","slug":"awakening-trio-aries-cd","status":"publish","type":"page","link":"https:\/\/beeldenstorm.be\/web\/awakening-trio-aries-cd\/","title":{"rendered":"&#8216;Awakening&#8217; &#8211; Trio Aries\u00a0\u2022 cd"},"content":{"rendered":"\n<p><em>Componist(en):<\/em><\/p>\n\n\n\n<ul><li><span style=\"font-weight: 600\">Aleksandr Scriabin<\/span><\/li><li><strong>Josef Suk<\/strong><\/li><li><strong>Franz Schubert<\/strong><\/li><li><strong>Felix Mendelssohn<\/strong><\/li><\/ul>\n\n\n\n<p><em>Artiest(en):<\/em><\/p>\n\n\n\n<ul><li><strong>Trio Aries<\/strong><ul><li>Alice Van Leuven &#8211;  viool<\/li><li>Paul Heyman &#8211; cello<\/li><li>Wouter Valvekens  &#8211; piano<\/li><\/ul><\/li><\/ul>\n\n\n\n<figure class=\"wp-block-image size-large is-resized\"><a href=\"https:\/\/beeldenstorm.be\/web\/files\/2018\/12\/Duo-Adentro_Music-for-Guitar-en-Piano_WEB.jpg\" rel=\"lightbox[14691]\"><img loading=\"lazy\" src=\"https:\/\/beeldenstorm.be\/web\/files\/2021\/11\/trio_aries_cd-1-1022x1024.jpg\" alt=\"\" class=\"wp-image-14692\" width=\"437\" height=\"440\" \/><\/a><\/figure>\n\n\n\n<p><small>Et&#8217;cetera KTC 1746 \u2022 ET&#8217;CETERA RECORDS<\/small><\/p>\n\n\n\n<p>Deze cd is te koop voor&nbsp;<strong>\u20ac21.50<\/strong>&nbsp;per cd <em>incl.&nbsp;BTW.&nbsp;<\/em><\/p>\n\n\n\n<p><strong>ARIES TRIO<\/strong><\/p>\n\n\n\n<p>Three young Belgian musicians \u2014 violinist Alice Van Leuven, cellist Paul Heyman and pianist Wouter Valvekens \u2014 formed the Trio Ariesout of their mutual passion for chamber music and<br>4\u00a0for the piano trio in particular. Each of them received a broad education, both as soloist and chamber musician, in a world-renowned estab- lishment: Alice at the Universit\u00e4t der K\u00fcnste in Berlin, Paul at the Z\u00fcrcher Hochschule der K\u00fcnste in Zurich and Wouter at the Royal Acad- emy of Music in London.<br>Aries is the Latin name for the constellation of the ram. The trio performs a broad repertoire ranging from classical to contemporary works and is committed to revealing its young and fresh vision of music to its audiences. The music itself is given extra power thanks to the trio\u2019s search for various elements, one of which isthe groove, the synthesis between timbre and timing that is an integral part of every piece of music.<br>The trio has been active since 2018 and has giv- en recitals at the Klara festival in Bozar and the spring concert at the Royal Palace in Brussels,<br>the concert series Espace Garage in Ottignies,<br>the festival Klassiek Leeft Jong in Knokke, the<br>Midi-Minimes festival, the Zomer van Sint-Pieter<br>in Leuven, OdeGand in Ghent, and for Klara in<br>deSingel in Antwerp. The Trio Ariesmade its de-\u00a05\u00a0but in the Henri Le Boeuf concert hall of BOZAR in Brussels in June 2020.<br>The Trio Arieswon the Supernova chamber music competition organised by Radio Klara in Bozar in February 2020. They were awarded a special prize of a CD recording offered by the Beeldenstorm organisation, where the trio has a residency; these were ideal conditions for preparing this programme before recording it for CD in deSingel Antwerp.<br><\/p>\n","protected":false},"excerpt":{"rendered":"<p>Componist(en): Aleksandr Scriabin Josef Suk Franz Schubert Felix Mendelssohn Artiest(en): [&hellip;]<\/p>\n","protected":false},"author":22,"featured_media":0,"parent":0,"menu_order":0,"comment_status":"closed","ping_status":"closed","template":"","meta":{"_EventAllDay":false,"_EventTimezone":"","_EventStartDate":"","_EventEndDate":"","_EventStartDateUTC":"","_EventEndDateUTC":"","_EventShowMap":false,"_EventShowMapLink":false,"_EventURL":"","_EventCost":"","_EventCostDescription":"","_EventCurrencySymbol":"","_EventCurrencyPosition":"","_EventDateTimeSeparator":"","_EventTimeRangeSeparator":"","_EventOrganizerID":[],"_EventVenueID":0,"_OrganizerEmail":"","_OrganizerPhone":"","_OrganizerWebsite":"","_VenueAddress":"","_VenueCity":"","_VenueCountry":"","_VenueProvince":"","_VenueZip":"","_VenuePhone":"","_VenueURL":"","_VenueStateProvince":"","_VenueLat":"","_VenueLng":"","_tribe_blocks_recurrence_rules":"","_tribe_blocks_recurrence_exclusions":"","_tribe_blocks_recurrence_description":"","spay_email":""},"jetpack_sharing_enabled":true,"jetpack_shortlink":"https:\/\/wp.me\/P22GyJ-3OX","_links":{"self":[{"href":"https:\/\/beeldenstorm.be\/web\/wp-json\/wp\/v2\/pages\/14691"}],"collection":[{"href":"https:\/\/beeldenstorm.be\/web\/wp-json\/wp\/v2\/pages"}],"about":[{"href":"https:\/\/beeldenstorm.be\/web\/wp-json\/wp\/v2\/types\/page"}],"author":[{"embeddable":true,"href":"https:\/\/beeldenstorm.be\/web\/wp-json\/wp\/v2\/users\/22"}],"replies":[{"embeddable":true,"href":"https:\/\/beeldenstorm.be\/web\/wp-json\/wp\/v2\/comments?post=14691"}],"version-history":[{"count":2,"href":"https:\/\/beeldenstorm.be\/web\/wp-json\/wp\/v2\/pages\/14691\/revisions"}],"predecessor-version":[{"id":14694,"href":"https:\/\/beeldenstorm.be\/web\/wp-json\/wp\/v2\/pages\/14691\/revisions\/14694"}],"wp:attachment":[{"href":"https:\/\/beeldenstorm.be\/web\/wp-json\/wp\/v2\/media?parent=14691"}],"curies":[{"name":"wp","href":"https:\/\/api.w.org\/{rel}","templated":true}]}}