{"id":1585,"date":"2012-02-20T16:12:21","date_gmt":"2012-02-20T15:12:21","guid":{"rendered":"http:\/\/beeldenstorm.be\/web\/?page_id=1585"},"modified":"2012-02-20T16:14:32","modified_gmt":"2012-02-20T15:14:32","slug":"beeldenstorm-14-januari-2011-nieuwjaarsreceptie-jenneke-christiaens","status":"publish","type":"page","link":"https:\/\/beeldenstorm.be\/web\/teksten\/toespraken\/beeldenstorm-14-januari-2011-nieuwjaarsreceptie-jenneke-christiaens\/","title":{"rendered":"\u201cBeeldenstorm 14 januari 2011 &#8211; Nieuwjaarsreceptie\u201d &#8211; Jenneke Christiaens"},"content":{"rendered":"<h4>Geachte aanwezige genodigden,<br \/>\nBeste partners en vrienden van Beeldenstorm,<br \/>\nBeste Beeldenstormers,<\/h4>\n<p>Wij heten U als leden van de Raad van Bestuur samen met het Beeldenstormteam van harte welkom op de nieuwjaarsreceptie van onze vzw. Wij verwelkomen U hier om het nieuwe jaar feestelijk in te luiden. On vous souhaite \u00e0 toutes et \u00e0 tous la bienvenue, pour f\u00eater avec nous le commencement d\u2019une ann\u00e9e qui s\u2019annonce importante, entre autre peut-\u00eatre parce qu\u2019elle s\u2019annonce aussi difficile. Beeldenstorm, notre asbl, doit se regarder plein en face, pour d\u00e9celer un futur possible. Il faut oser penser et imaginer Beeldenstorm en 2020.<\/p>\n<p>Vandaag ziet U nogmaals Beeldenstorm op zijn best, met alle mooie resultaten van een jaar hard werken, met alle kleine details die deze wereld mooier maken, met de schoonheid die alleen kan voortkomen uit het gebaar van mensen, kunstenaars die andere mensen, ook kunstenaars kunnen inspireren en motiveren tot het verbeelden, en dus tot het realiseren van \u00e9\u00e9n van de hoogste en meest menselijke waarden: zich kunnen uitdrukken, expressie, s\u2019exprimer comme homme ou femme ma\u00eetre de son histoire, de son chemin et de son \u00eatre, ma\u00eetre de son futur.<\/p>\n<p>U kan vandaag het werk bewonderen waaraan het team van Beeldenstorm een jaar lang heeft gewerkt. U zal verschillende nieuwe producties kunnen bewonderen, zo dadelijk met de vzw Trekhond. U zal lekkere hapjes kunnen eten, die werden geprepareerd door actieve leden van het ceramiekatelier.<br \/>\nBeeldenstorm werkt met kinderen en volwassenen en hun capaciteit tot verbeelding en expressie.<br \/>\nBeeldenstorm maakt sociaal-economische activiteiten mogelijk, zoals fantastisch creatief grafische drukwerk, ge\u00efnspireerde catering of verbluffend professionele kledij.<br \/>\nBeeldenstorm zet met allerlei middelen en de stuwende kracht van beeldenmakers de wereld, onze wereld, uw wereld in beeld.<br \/>\nBeeldenstorm cre\u00ebert een ruimte voor artiesten van allerlei slag, om niet alleen hun ding te doen, maar het te doen op een manier die de ivoren toren doorbreekt.<br \/>\nStudenten van de Vrije Universiteit Brussel, schoolkinderen, buurtbewoners, Brusselaars en anderen, allen zijn hier welkom. Beeldenstorm staat voor diversiteit en pluralisme in de praktijk, niet in holle woorden.<br \/>\nBeeldenstorm is diversiteit en pluralisme in de praktijk gebracht, precies vanwege de manier waarop ze haar opdracht ziet: een autonome en pluralistische context cre\u00ebren waarin verbeelding aan de macht is, opdat elkeen kan geloven in zichzelf en in de kracht van wat hij of zij in zich heeft. En daarbij is de andere, het anders zijn, essentieel. Waarom je uitdrukken als er geen plaats of aandacht is voor de andere? Een kreet in de woestijn \u2026<br \/>\nKijk goed rond! Kijk naar dit alles en vraag U af: hoe hebben ze het weer klaargespeeld? Dit mogelijk maken lijkt vandaag evident \u2026 het is immers feest.<\/p>\n<p>Maar ik moet U er op wijzen: dat is het niet. De structurele financi\u00eble omkadering van dit fantastische en mooie resultaat is meer dan fragiel. Het is daarom noodzakelijk om te durven stilstaan bij de geweldige tour de force die deze Beeldenstor\u00admers telkens weer realiseren. Want zowel aan subsidi\u00ebrende overheden als sponsor-partners wil ik deze nieuwjaarswens meegeven. Bij alle beslissingen, beoordelingen en evaluaties van projecten en activiteiten van Beeldenstorm (en bij deze ook van de vele andere vzw\u2019s in dit werkveld) in de nabije en onmiddellijke toekomst, onttrek deze dossiers niet aan de context waarin ze opgemaakt moeten worden. Denk aan de mensen die elke dag, een heel jaar lang, deze schoonheid, deze verbeeldende kracht van mensen voor ogen hebben en mogelijk maken. Denk aan hoe de Beeldenstormers de wereld kunnen zien en veranderen.<\/p>\n<p>Onze politici zeggen dat ze het moeilijk hebben om \u201cer uit te geraken\u201d, dat we een andere taal spreken, dat de kloof te diep is, enz \u2026 Nationalistische reflexen steken niet alleen de kop op, maar geraken nu ingeburgerd. Taal als een kloof? Verschillen als een kloof tussen mensen, gemeenschappen. Diversiteit als een verdeel- en heerswapen?<br \/>\nWel, om een collega van mij te citeren uit het weekblad Deze Week in Brussel \u2026 Brussel is niet het probleem, maar wel de oplossing \u2026 zou ik durven verder gaan: diversiteit is niet het probleem, maar de oplossing. Beeldenstorm draagt daartoe bij. En neen, makkelijk is het zeker niet. Maar, we zijn niet alleen. Hier &#8211; hier in Anderlecht, hier in Brussel, weten wij wat dat is: mensen die een andere taal spreken, mensen die anders zijn, mensen die anders denken, anders \u2026 dus.<\/p>\n<p>Wel, ik nodig ze hier uit, hier in het huis van de verbeelding, om ook in zichzelf de mogelijkheid te ontdekken van de andere oplossing, dat zou pas de slimste mens genoemd kunnen worden. Dat wens ik hen toe.<\/p>\n<p>Als voorzitter van Beeldenstorm wens ik vooral ook jullie allemaal een jaar toe van verbeelding, verwondering, ontroering en creativiteit. Een jaar waarin de verbeelding van de samenlevingdiversiteit het haalt op de nationalistische verscheuring.<br \/>\nEen jaar waarin jullie Beeldenstorm een warm hart toedragen.<br \/>\nEen jaar waarin we het motto \u201ceet meer friet\u201d eer aandoen!<\/p>\n<h3>Jenneke Christiaens, voorzitter Beeldenstorm vzw, januari 2011<\/h3>\n","protected":false},"excerpt":{"rendered":"<p>Geachte aanwezige genodigden, Beste partners en vrienden van Beeldenstorm, Beste [&hellip;]<\/p>\n","protected":false},"author":1,"featured_media":0,"parent":280,"menu_order":0,"comment_status":"closed","ping_status":"closed","template":"","meta":{"_EventAllDay":false,"_EventTimezone":"","_EventStartDate":"","_EventEndDate":"","_EventStartDateUTC":"","_EventEndDateUTC":"","_EventShowMap":false,"_EventShowMapLink":false,"_EventURL":"","_EventCost":"","_EventCostDescription":"","_EventCurrencySymbol":"","_EventCurrencyPosition":"","_EventDateTimeSeparator":"","_EventTimeRangeSeparator":"","_EventOrganizerID":[],"_EventVenueID":0,"_OrganizerEmail":"","_OrganizerPhone":"","_OrganizerWebsite":"","_VenueAddress":"","_VenueCity":"","_VenueCountry":"","_VenueProvince":"","_VenueZip":"","_VenuePhone":"","_VenueURL":"","_VenueStateProvince":"","_VenueLat":"","_VenueLng":"","_tribe_blocks_recurrence_rules":"","_tribe_blocks_recurrence_exclusions":"","_tribe_blocks_recurrence_description":"","spay_email":""},"jetpack_sharing_enabled":true,"jetpack_shortlink":"https:\/\/wp.me\/P22GyJ-pz","_links":{"self":[{"href":"https:\/\/beeldenstorm.be\/web\/wp-json\/wp\/v2\/pages\/1585"}],"collection":[{"href":"https:\/\/beeldenstorm.be\/web\/wp-json\/wp\/v2\/pages"}],"about":[{"href":"https:\/\/beeldenstorm.be\/web\/wp-json\/wp\/v2\/types\/page"}],"author":[{"embeddable":true,"href":"https:\/\/beeldenstorm.be\/web\/wp-json\/wp\/v2\/users\/1"}],"replies":[{"embeddable":true,"href":"https:\/\/beeldenstorm.be\/web\/wp-json\/wp\/v2\/comments?post=1585"}],"version-history":[{"count":4,"href":"https:\/\/beeldenstorm.be\/web\/wp-json\/wp\/v2\/pages\/1585\/revisions"}],"predecessor-version":[{"id":1587,"href":"https:\/\/beeldenstorm.be\/web\/wp-json\/wp\/v2\/pages\/1585\/revisions\/1587"}],"up":[{"embeddable":true,"href":"https:\/\/beeldenstorm.be\/web\/wp-json\/wp\/v2\/pages\/280"}],"wp:attachment":[{"href":"https:\/\/beeldenstorm.be\/web\/wp-json\/wp\/v2\/media?parent=1585"}],"curies":[{"name":"wp","href":"https:\/\/api.w.org\/{rel}","templated":true}]}}