{"id":2560,"date":"2013-01-15T10:09:56","date_gmt":"2013-01-15T09:09:56","guid":{"rendered":"http:\/\/beeldenstorm.be\/web\/?page_id=2560"},"modified":"2019-10-14T10:05:52","modified_gmt":"2019-10-14T08:05:52","slug":"kuregem-deel-2-goed-nieuws-cureghem-partie-2-bonnes-nouvelles","status":"publish","type":"page","link":"https:\/\/beeldenstorm.be\/web\/promotie-en-productie\/kuregem-deel-1-5-cureghem-partie-1-5\/kuregem-deel-2-goed-nieuws-cureghem-partie-2-bonnes-nouvelles\/","title":{"rendered":"Kuregem \u2022 deel 2 \u2022 Goed nieuws \/ Cureghem \u2022 partie 2 \u2022 Bonnes nouvelles"},"content":{"rendered":"<p>[NL]<\/p>\n<h4>Kuregem&nbsp;\u2022&nbsp;deel 2 \u2022 \u201cGoed nieuws\u201d<\/h4>\n<p>Naarmate de socio-economische omstandigheden ongunstiger zijn, zullen ook de sociale grondrechten \u2013 het recht op inkomen, werk, onderwijs, wonen, medische verzorging en cultuur \u2013 van een steeds groter wordend deel van de bevolking niet meer gegarandeerd zijn. De publicatie geeft een schets van deze facetten in de wijk en brengt de talrijke organisaties die de grondrechten voor de Kuregemse bevolking verbeteren in beeld.<\/p>\n<p class=\"western\" lang=\"nl-NL\"><em><span lang=\"nl-BE\">De publicatie is gedrukt verkrijgbaar aan de prijs van 8,95 euro incl. verzending via<\/span> dirkdca\/at\/gmail\/dot\/com.<\/em><\/p>\n<p>download de brochure:&nbsp;<a href=\"https:\/\/beeldenstorm.be\/web\/files\/2013\/01\/Kuregem_deel-2_Goed-nieuws_web.pdf\">Kuregem \u2022 deel 2 \u2022 Goed nieuws<\/a><\/p>\n<p><a href=\"https:\/\/beeldenstorm.be\/web\/files\/2013\/01\/cover-web-deel-2-NL_web.jpg\" rel=\"lightbox[2560]\"><img loading=\"lazy\" class=\"alignnone size-thumbnail wp-image-2569\" title=\"Kuregem \u2022 deel 1 \u2022 Goed nieuws\" src=\"https:\/\/beeldenstorm.be\/web\/files\/2013\/01\/cover-web-deel-2-NL_web-280x394.jpg\" alt=\"\" width=\"280\" height=\"394\" srcset=\"https:\/\/beeldenstorm.be\/web\/files\/2013\/01\/cover-web-deel-2-NL_web-280x394.jpg 280w, https:\/\/beeldenstorm.be\/web\/files\/2013\/01\/cover-web-deel-2-NL_web-560x789.jpg 560w, https:\/\/beeldenstorm.be\/web\/files\/2013\/01\/cover-web-deel-2-NL_web.jpg 726w\" sizes=\"(max-width: 280px) 100vw, 280px\" \/><\/a><\/p>\n<p>[FR]<\/p>\n<h4>Cureghem \u2022 partie 2 \u2022 \u201cBonnes nouvelles\u201d<\/h4>\n<p>A mesure que les conditions socio\u00e9conomiques se d\u00e9t\u00e9riorent, les droits sociaux fondamentaux d\u2019une partie croissante de la population, \u00e0 savoir le droit au logement, aux revenus, \u00e0 l\u2019enseignement, au travail, aux soins de sant\u00e9 et \u00e0 la culture, ne sont plus garantis. La publication donne un aper\u00e7u de ces facettes dans le quartier et met en lumi\u00e8re les nombreuses organisations qui am\u00e9liorent les droits fondamentaux de la population cureghemoise.<\/p>\n<p class=\"western\" lang=\"nl-NL\"><em><span lang=\"fr-BE\">On peut obtenir la version imprim\u00e9e de la publication au prix de 8,95 euro y compris les frais d&#8217;envoi en s&#8217;adressant \u00e0&nbsp;<\/span>dirkdca\/at\/gmail\/dot\/com.<\/em><\/p>\n<p>t\u00eal\u00eacharger&nbsp;la brochure:&nbsp;<a href=\"https:\/\/beeldenstorm.be\/web\/files\/2013\/01\/Cureghem_partie-2_Bonnes-nouvelles_web.pdf\">Cureghem \u2022 partie 2 \u2022 Bonnes nouvelles<\/a><\/p>\n<p><a href=\"https:\/\/beeldenstorm.be\/web\/files\/2013\/01\/cover-web-deel-2-FR_web.jpg\" rel=\"lightbox[2560]\"><img loading=\"lazy\" class=\"alignnone size-thumbnail wp-image-2570\" title=\"Cureghem \u2022 partie 2 \u2022 Bonnes nouvelles\" src=\"https:\/\/beeldenstorm.be\/web\/files\/2013\/01\/cover-web-deel-2-FR_web-280x386.jpg\" alt=\"\" width=\"280\" height=\"386\" srcset=\"https:\/\/beeldenstorm.be\/web\/files\/2013\/01\/cover-web-deel-2-FR_web-280x386.jpg 280w, https:\/\/beeldenstorm.be\/web\/files\/2013\/01\/cover-web-deel-2-FR_web-560x772.jpg 560w, https:\/\/beeldenstorm.be\/web\/files\/2013\/01\/cover-web-deel-2-FR_web.jpg 742w\" sizes=\"(max-width: 280px) 100vw, 280px\" \/><\/a><\/p>\n","protected":false},"excerpt":{"rendered":"<p>[NL] Kuregem&nbsp;\u2022&nbsp;deel 2 \u2022 \u201cGoed nieuws\u201d Naarmate de socio-economische omstandigheden [&hellip;]<\/p>\n","protected":false},"author":1,"featured_media":0,"parent":12269,"menu_order":0,"comment_status":"closed","ping_status":"closed","template":"","meta":{"_EventAllDay":false,"_EventTimezone":"","_EventStartDate":"","_EventEndDate":"","_EventStartDateUTC":"","_EventEndDateUTC":"","_EventShowMap":false,"_EventShowMapLink":false,"_EventURL":"","_EventCost":"","_EventCostDescription":"","_EventCurrencySymbol":"","_EventCurrencyPosition":"","_EventDateTimeSeparator":"","_EventTimeRangeSeparator":"","_EventOrganizerID":[],"_EventVenueID":0,"_OrganizerEmail":"","_OrganizerPhone":"","_OrganizerWebsite":"","_VenueAddress":"","_VenueCity":"","_VenueCountry":"","_VenueProvince":"","_VenueZip":"","_VenuePhone":"","_VenueURL":"","_VenueStateProvince":"","_VenueLat":"","_VenueLng":"","_tribe_blocks_recurrence_rules":"","_tribe_blocks_recurrence_exclusions":"","_tribe_blocks_recurrence_description":"","spay_email":""},"jetpack_sharing_enabled":true,"jetpack_shortlink":"https:\/\/wp.me\/P22GyJ-Fi","_links":{"self":[{"href":"https:\/\/beeldenstorm.be\/web\/wp-json\/wp\/v2\/pages\/2560"}],"collection":[{"href":"https:\/\/beeldenstorm.be\/web\/wp-json\/wp\/v2\/pages"}],"about":[{"href":"https:\/\/beeldenstorm.be\/web\/wp-json\/wp\/v2\/types\/page"}],"author":[{"embeddable":true,"href":"https:\/\/beeldenstorm.be\/web\/wp-json\/wp\/v2\/users\/1"}],"replies":[{"embeddable":true,"href":"https:\/\/beeldenstorm.be\/web\/wp-json\/wp\/v2\/comments?post=2560"}],"version-history":[{"count":20,"href":"https:\/\/beeldenstorm.be\/web\/wp-json\/wp\/v2\/pages\/2560\/revisions"}],"predecessor-version":[{"id":12276,"href":"https:\/\/beeldenstorm.be\/web\/wp-json\/wp\/v2\/pages\/2560\/revisions\/12276"}],"up":[{"embeddable":true,"href":"https:\/\/beeldenstorm.be\/web\/wp-json\/wp\/v2\/pages\/12269"}],"wp:attachment":[{"href":"https:\/\/beeldenstorm.be\/web\/wp-json\/wp\/v2\/media?parent=2560"}],"curies":[{"name":"wp","href":"https:\/\/api.w.org\/{rel}","templated":true}]}}