{"id":3655,"date":"2014-09-08T14:47:23","date_gmt":"2014-09-08T12:47:23","guid":{"rendered":"http:\/\/beeldenstorm.be\/web\/?page_id=3655"},"modified":"2016-04-14T16:08:40","modified_gmt":"2016-04-14T14:08:40","slug":"gewapend-beton","status":"publish","type":"page","link":"https:\/\/beeldenstorm.be\/web\/teksten\/inspirerende-gedichten\/gewapend-beton\/","title":{"rendered":"Gewapend beton"},"content":{"rendered":"<h4>10 oktober 2014: Beeldenstorm, 15 jaar door weer en wind.<\/h4>\n<p>Een verjaardag tussen droevige verjaardagen, meer bepaald: de oorlogsherdenkingen, we zullen het de volgende vier jaar wel \u201cgeweten\u201d hebben!<br \/>\nOok Beeldenstorm schikt zich in de rangen en zal op haar eigen manier reflecteren over oorzaak en reden, over actie en reactie, over aanzet en conflict. Beeldenstorm zou zichzelf niet zijn, mochten wij geen aandacht hebben voor de visie van de kunstenaar. Wij zijn trots om u, ondanks de crisis, ons uitgebreide programma aan te bieden van onder meer onze traditionele creatieve ateliers, aangevuld met een aantal nieuwigheden, waarbij wij, via het programma \u201cMade in Cureghem\u201d, vooral bogen op een jongerenpubliek.<\/p>\n<p>Dit seizoen bracht ons hoofd ernstige muziek, in samenwerking met music@home, een puik \u201c24 karaats &amp;+\u201d-programma bij elkaar. Een m\u00e9li-m\u00e9lo van jazz, klassiek, chanson en kleinkunst. Dit alles onder het motto \u201cmuziek verzacht de zeden\u201d.<br \/>\nIn januari 2015 starten wij samen met de wijkcinema een filmreeks, gekoppeld aan ons thema \u201cGewapend beton\u201d. Deze samenwerking met Cinematec stelt ons in staat om ons doelpubliek kennis te laten maken met een aantal klassiekers die uitvoerig de waanzin en oorlog illustreren.<\/p>\n<p>\u201cGewapend beton\u201d is de themawerking die we de komende drie jaar zullen aanhouden.<br \/>\nDit seizoen is er vooral aandacht voor \u201chet conflict\u201d. Kinderen, jongeren en ouderen zullen in onze creatieve ateliers werken aan verschillende producties die op een expressieve manier deze thematiek illustreren.<\/p>\n<p>Verder werken we aan \u201cThe Best of Eveline &amp; co\u201d, de kortfilms van de \u201cMondelinge taalvaardigheid Frans\u201d met de ACTO\/VUB-studenten. Ook de portretten van warme Brusselkenners, de reeks \u201cLes merveilleux de Beeldenstorm\u201d, kennen hun vervolg.<br \/>\nWij nemen ons voor om onze communicatiemethoden bij te schroeven, zodat u wat regelmatiger nieuws \u201cheet van de naald\u201d zal krijgen. Zo krijgt u onder meer tegen de eindejaarsfeesten een inkijk in de Beeldenstormwinkel, een winkel vol artistieke eindejaars- en andere geschenken.<\/p>\n<p>Bon&#8230; reden genoeg om u allen dit seizoen wat meer te zien.<\/p>\n<p>Van harte<br \/>\nNik<\/p>\n<pre>\u201cEet meer friet!\u201d<\/pre>\n<p>&nbsp;<\/p>\n<table style=\"width: 100%;\">\n<tbody>\n<tr>\n<td style=\"padding-right: 9px;\"><strong>Gewapend beton<\/strong><\/p>\n<p>De ruit bedwasemd aangespannen<br \/>\nin &#8217;t vierkant raamkozijn<br \/>\nverhit<br \/>\nverkild<br \/>\nlangs beide zijden met angsten aangeslagenbetraande vergezichten<br \/>\ngetrokken heldere sporen op &#8217;t glas<br \/>\ndoordruppeld<br \/>\ngeschied<br \/>\nen<br \/>\nis<br \/>\nhet glas waardoor ik kijken kan<br \/>\nlangs trali\u00ebnd verdriet<br \/>\ndat in de verte naar mij lonkt<br \/>\ngeniepig verder kaatsend<br \/>\nin spiegels van diepte en lamledigheid<\/p>\n<p>onzin gevat in uitgesponnen webben<br \/>\nvan hebzucht en onhebbelijkheid<br \/>\nde lelijkheid vastgeklonken<br \/>\nin gruwelijke werkelijkheid<\/p>\n<p>de akkers omgeploegd<br \/>\nom nooit meer vrucht te dragen<br \/>\nde sloten leeggebloed<br \/>\nde ziel gebarsten en gekloven<\/p>\n<p>waar zijn die zinnen nu gebleven?<br \/>\ngetuigen zij ons nietigheid?<br \/>\nwie zal ons duiden<br \/>\nwaar we mogen wonen<br \/>\nons hartig lavend aan elk ander?<\/p>\n<p>ketens omhuld met valse velourigheid<br \/>\nmaken ons gevangenen<br \/>\ntussen muren van<br \/>\ngewapend beton<\/td>\n<td style=\"padding-left: 9px;\"><strong>B\u00e9ton arm\u00e9<\/strong><\/p>\n<p>la vitre embu\u00e9e enserr\u00e9e<br \/>\ndans le ch\u00e2ssis carr\u00e9<br \/>\n\u00e9chauff\u00e9e<br \/>\nrefroidie<br \/>\nfrapp\u00e9e de part et d\u2019autre d\u2019angoissesperspectives larmoyantes<br \/>\ngriffes claires trac\u00e9es sur le verre<br \/>\nd\u00e9goulinantes<br \/>\nexistaient<br \/>\net<br \/>\nrestent<br \/>\nle verre au travers duquel je peux voir<br \/>\nle long d\u2019un chagrin grillag\u00e9<br \/>\nqui m\u2019attire vers l\u2019horizon<br \/>\nrenvoyant sournoisement<br \/>\nen miroirs de profondeur et de n\u00e9ant<\/p>\n<p>s\u2019est charg\u00e9 d\u2019absurdit\u00e9 dans des toiles d\u2019araign\u00e9es distendues<br \/>\nde cupidit\u00e9 et de grossi\u00e8ret\u00e9<br \/>\nla laideur tatou\u00e9e<br \/>\nen atroce r\u00e9alit\u00e9<\/p>\n<p>champs hers\u00e9s<br \/>\npour ne plus jamais porter fruit<br \/>\nfoss\u00e9s exsangues<br \/>\n\u00e2me bris\u00e9e et fendue<\/p>\n<p>o\u00f9 sont rest\u00e9es ces envies?<br \/>\nprouvent-elles notre insignifiance?<br \/>\nqui nous dira<br \/>\no\u00f9 pouvoir vivre<br \/>\nnous abreuvant du sel de l\u2019autre?<\/p>\n<p>cha\u00eenes enrob\u00e9es de velouteux trompeur<br \/>\nnous tiennent prisonniers<br \/>\nentre murs de<br \/>\nb\u00e9ton arm\u00e9<\/td>\n<\/tr>\n<\/tbody>\n<\/table>\n<p><strong>Nik Honinckx, 2 september 2014<\/strong><\/p>\n<p>&nbsp;<\/p>\n<p>&nbsp;<\/p>\n","protected":false},"excerpt":{"rendered":"<p>10 oktober 2014: Beeldenstorm, 15 jaar door weer en wind. [&hellip;]<\/p>\n","protected":false},"author":19,"featured_media":0,"parent":307,"menu_order":0,"comment_status":"closed","ping_status":"closed","template":"","meta":{"_EventAllDay":false,"_EventTimezone":"","_EventStartDate":"","_EventEndDate":"","_EventStartDateUTC":"","_EventEndDateUTC":"","_EventShowMap":false,"_EventShowMapLink":false,"_EventURL":"","_EventCost":"","_EventCostDescription":"","_EventCurrencySymbol":"","_EventCurrencyPosition":"","_EventDateTimeSeparator":"","_EventTimeRangeSeparator":"","_EventOrganizerID":[],"_EventVenueID":0,"_OrganizerEmail":"","_OrganizerPhone":"","_OrganizerWebsite":"","_VenueAddress":"","_VenueCity":"","_VenueCountry":"","_VenueProvince":"","_VenueZip":"","_VenuePhone":"","_VenueURL":"","_VenueStateProvince":"","_VenueLat":"","_VenueLng":"","_tribe_blocks_recurrence_rules":"","_tribe_blocks_recurrence_exclusions":"","_tribe_blocks_recurrence_description":"","spay_email":""},"jetpack_sharing_enabled":true,"jetpack_shortlink":"https:\/\/wp.me\/P22GyJ-WX","_links":{"self":[{"href":"https:\/\/beeldenstorm.be\/web\/wp-json\/wp\/v2\/pages\/3655"}],"collection":[{"href":"https:\/\/beeldenstorm.be\/web\/wp-json\/wp\/v2\/pages"}],"about":[{"href":"https:\/\/beeldenstorm.be\/web\/wp-json\/wp\/v2\/types\/page"}],"author":[{"embeddable":true,"href":"https:\/\/beeldenstorm.be\/web\/wp-json\/wp\/v2\/users\/19"}],"replies":[{"embeddable":true,"href":"https:\/\/beeldenstorm.be\/web\/wp-json\/wp\/v2\/comments?post=3655"}],"version-history":[{"count":11,"href":"https:\/\/beeldenstorm.be\/web\/wp-json\/wp\/v2\/pages\/3655\/revisions"}],"predecessor-version":[{"id":4618,"href":"https:\/\/beeldenstorm.be\/web\/wp-json\/wp\/v2\/pages\/3655\/revisions\/4618"}],"up":[{"embeddable":true,"href":"https:\/\/beeldenstorm.be\/web\/wp-json\/wp\/v2\/pages\/307"}],"wp:attachment":[{"href":"https:\/\/beeldenstorm.be\/web\/wp-json\/wp\/v2\/media?parent=3655"}],"curies":[{"name":"wp","href":"https:\/\/api.w.org\/{rel}","templated":true}]}}