{"id":3715,"date":"2014-10-06T17:09:12","date_gmt":"2014-10-06T15:09:12","guid":{"rendered":"http:\/\/beeldenstorm.be\/web\/?page_id=3715"},"modified":"2019-10-14T10:06:15","modified_gmt":"2019-10-14T08:06:15","slug":"kuregem-deel-3-verzet-en-deportatie-cureghem-partie-3-resistance-et-deportation","status":"publish","type":"page","link":"https:\/\/beeldenstorm.be\/web\/promotie-en-productie\/kuregem-deel-1-5-cureghem-partie-1-5\/kuregem-deel-3-verzet-en-deportatie-cureghem-partie-3-resistance-et-deportation\/","title":{"rendered":"Kuregem \u2022 deel 3 \u2022 Verzet en deportatie \/ Cureghem \u2022 partie 3 \u2022 Resistance et deportation"},"content":{"rendered":"<p>[NL]<\/p>\n<h4 class=\"western\" lang=\"nl-NL\"><span lang=\"nl-BE\">Kuregem \u2022 deel 3 \u2022 \u201cVerzet en deportatie\u201d<\/span><\/h4>\n<p class=\"western\">In deze publicatie ligt de focus op de talrijke verwijzingen die er rond verzet en deportatie zijn in Kuregem. Komen aan bod: de Joodse bevolking tijdens de jaren \u201830, de Duitse bezetting tijdens de Tweede Wereldoorlog, de verschillende vormen van verzet, de deportatie naar de kampen, de uitsluiting, deportatie en uitroeiing van de Joden en de talrijke gedenkplaten voor overledenen in Kuregem. Bijzondere aandacht gaat er naar het Museum van de Belgische Weerstand en naar het Nationaal Gedenkteken der Joodse Martelaren van Belgi\u00eb, die zich allebei in Kuregem bevinden. De publicatie wil eveneens een kleine bijdrage leveren om stil te staan bij wat er vandaag in de wereld gebeurt op het vlak van uitsluiting en xenofobie.<\/p>\n<p class=\"western\" lang=\"nl-NL\"><span lang=\"nl-BE\"><i>De publicatie is verkrijgbaar aan de prijs van <strong>8,95 euro<\/strong> incl. verzending via&nbsp;<em>dirkdca\/at\/gmail\/dot\/com.&nbsp;<\/em><\/i><\/span><\/p>\n<p class=\"western\" lang=\"nl-NL\"><i><\/i>download de brochure:&nbsp;<a href=\"https:\/\/beeldenstorm.be\/web\/files\/2014\/10\/Kuregem_deel-3_Verzet-en-deportatie_web.pdf\">Kuregem &#8211; deel 3 &#8211; Verzet en deportatie<\/a><\/p>\n<p><a href=\"https:\/\/beeldenstorm.be\/web\/files\/2014\/10\/Kuregem_Cover_deel_3_NL.jpg\" rel=\"lightbox[3715]\"><img loading=\"lazy\" class=\"alignnone size-thumbnail wp-image-3717\" src=\"https:\/\/beeldenstorm.be\/web\/files\/2014\/10\/Kuregem_Cover_deel_3_NL-280x399.jpg\" alt=\"Kuregem \u2022 deel 3 \u2022 Verzet en deportatie\" width=\"280\" height=\"399\" srcset=\"https:\/\/beeldenstorm.be\/web\/files\/2014\/10\/Kuregem_Cover_deel_3_NL-280x399.jpg 280w, https:\/\/beeldenstorm.be\/web\/files\/2014\/10\/Kuregem_Cover_deel_3_NL-560x798.jpg 560w, https:\/\/beeldenstorm.be\/web\/files\/2014\/10\/Kuregem_Cover_deel_3_NL-718x1024.jpg 718w, https:\/\/beeldenstorm.be\/web\/files\/2014\/10\/Kuregem_Cover_deel_3_NL.jpg 800w\" sizes=\"(max-width: 280px) 100vw, 280px\" \/><\/a><\/p>\n<p>&nbsp;<\/p>\n<p>[FR]<\/p>\n<h4 class=\"western\" lang=\"fr-BE\">Cureghem \u2022 partie 3 \u2022 \u201cR\u00e9sistance et d\u00e9portation\u201d<\/h4>\n<p class=\"western\" lang=\"fr-BE\">Dans cette publication, l&#8217;accent est mis sur les nombreuses r\u00e9f\u00e9rences que l&#8217;on trouve \u00e0 Cureghem \u00e0 propos de la r\u00e9sistance et de la d\u00e9portation. Il y sera question de la population juive durant les ann\u00e9es 30, de l&#8217;occupation allemande durant la Deuxi\u00e8me Guerre mondiale, des diverses formes de r\u00e9sistance, de la d\u00e9portation vers les camps, de l&#8217;exclusion, de la d\u00e9portation et de l&#8217;extermination des juifs et des nombreuses plaques comm\u00e9moratives de personnes d\u00e9c\u00e9d\u00e9es que l&#8217;on peut voir \u00e0 Cureghem. Une attention particuli\u00e8re au Mus\u00e9e de la R\u00e9sistance de Belgique et au M\u00e9morial National des Martyrs Juifs de Belgique, qui se situent tous les deux \u00e0 Cureghem. On s&#8217;arr\u00eatera \u00e9galement un instant sur ce qui se passe actuellement dans le monde sur les plans de l&#8217;exclusion et de la x\u00e9nophobie.<\/p>\n<p class=\"western\" lang=\"nl-NL\"><span lang=\"fr-BE\"><i>On peut obtenir la publication au prix de <strong>8,95&nbsp;euro<\/strong> y compris les frais d&#8217;envoi en s&#8217;adressant \u00e0 <i>dirkdca\/at\/gmail\/dot\/com.&nbsp;<\/i><\/i><\/span><u><\/u><\/p>\n<p class=\"western\" lang=\"fr-BE\"><i><\/i>t\u00eal\u00eacharger&nbsp;la brochure:&nbsp;<a href=\"https:\/\/beeldenstorm.be\/web\/files\/2014\/10\/Cureghem-partie-3_Resistance-et-deportation_web.pdf\">Cureghem &#8211; partie 3 &#8211; Resistance et deportation<\/a><\/p>\n<p><a href=\"https:\/\/beeldenstorm.be\/web\/files\/2014\/10\/Kuregem_Cover_partie_3_FR.jpg\" rel=\"lightbox[3715]\"><img loading=\"lazy\" class=\"alignnone size-thumbnail wp-image-3718\" src=\"https:\/\/beeldenstorm.be\/web\/files\/2014\/10\/Kuregem_Cover_partie_3_FR-280x399.jpg\" alt=\"Cureghem \u2022 partie 3 \u2022 Resistance et deportation\" width=\"280\" height=\"399\" srcset=\"https:\/\/beeldenstorm.be\/web\/files\/2014\/10\/Kuregem_Cover_partie_3_FR-280x399.jpg 280w, https:\/\/beeldenstorm.be\/web\/files\/2014\/10\/Kuregem_Cover_partie_3_FR-560x798.jpg 560w, https:\/\/beeldenstorm.be\/web\/files\/2014\/10\/Kuregem_Cover_partie_3_FR-718x1024.jpg 718w, https:\/\/beeldenstorm.be\/web\/files\/2014\/10\/Kuregem_Cover_partie_3_FR.jpg 800w\" sizes=\"(max-width: 280px) 100vw, 280px\" \/><\/a><\/p>\n<p>&nbsp;<\/p>\n","protected":false},"excerpt":{"rendered":"<p>[NL] Kuregem \u2022 deel 3 \u2022 \u201cVerzet en deportatie\u201d In [&hellip;]<\/p>\n","protected":false},"author":19,"featured_media":0,"parent":12269,"menu_order":0,"comment_status":"closed","ping_status":"closed","template":"","meta":{"_EventAllDay":false,"_EventTimezone":"","_EventStartDate":"","_EventEndDate":"","_EventStartDateUTC":"","_EventEndDateUTC":"","_EventShowMap":false,"_EventShowMapLink":false,"_EventURL":"","_EventCost":"","_EventCostDescription":"","_EventCurrencySymbol":"","_EventCurrencyPosition":"","_EventDateTimeSeparator":"","_EventTimeRangeSeparator":"","_EventOrganizerID":[],"_EventVenueID":0,"_OrganizerEmail":"","_OrganizerPhone":"","_OrganizerWebsite":"","_VenueAddress":"","_VenueCity":"","_VenueCountry":"","_VenueProvince":"","_VenueZip":"","_VenuePhone":"","_VenueURL":"","_VenueStateProvince":"","_VenueLat":"","_VenueLng":"","_tribe_blocks_recurrence_rules":"","_tribe_blocks_recurrence_exclusions":"","_tribe_blocks_recurrence_description":"","spay_email":""},"jetpack_sharing_enabled":true,"jetpack_shortlink":"https:\/\/wp.me\/P22GyJ-XV","_links":{"self":[{"href":"https:\/\/beeldenstorm.be\/web\/wp-json\/wp\/v2\/pages\/3715"}],"collection":[{"href":"https:\/\/beeldenstorm.be\/web\/wp-json\/wp\/v2\/pages"}],"about":[{"href":"https:\/\/beeldenstorm.be\/web\/wp-json\/wp\/v2\/types\/page"}],"author":[{"embeddable":true,"href":"https:\/\/beeldenstorm.be\/web\/wp-json\/wp\/v2\/users\/19"}],"replies":[{"embeddable":true,"href":"https:\/\/beeldenstorm.be\/web\/wp-json\/wp\/v2\/comments?post=3715"}],"version-history":[{"count":12,"href":"https:\/\/beeldenstorm.be\/web\/wp-json\/wp\/v2\/pages\/3715\/revisions"}],"predecessor-version":[{"id":12277,"href":"https:\/\/beeldenstorm.be\/web\/wp-json\/wp\/v2\/pages\/3715\/revisions\/12277"}],"up":[{"embeddable":true,"href":"https:\/\/beeldenstorm.be\/web\/wp-json\/wp\/v2\/pages\/12269"}],"wp:attachment":[{"href":"https:\/\/beeldenstorm.be\/web\/wp-json\/wp\/v2\/media?parent=3715"}],"curies":[{"name":"wp","href":"https:\/\/api.w.org\/{rel}","templated":true}]}}