{"id":3832,"date":"2015-01-22T09:48:45","date_gmt":"2015-01-22T08:48:45","guid":{"rendered":"http:\/\/beeldenstorm.be\/web\/?page_id=3832"},"modified":"2015-02-09T16:16:40","modified_gmt":"2015-02-09T15:16:40","slug":"tegen-de-angst-beeldenstorm-16-januari-2015-nieuwjaarsreceptie-jenneke-christiaens","status":"publish","type":"page","link":"https:\/\/beeldenstorm.be\/web\/teksten\/toespraken\/tegen-de-angst-beeldenstorm-16-januari-2015-nieuwjaarsreceptie-jenneke-christiaens\/","title":{"rendered":"\u201cTegen de angst!\u201d &#8211; Beeldenstorm 16 januari 2015 &#8211; Nieuwjaarsreceptie\u201d &#8211; Jenneke Christiaens"},"content":{"rendered":"<h4>Goedenavond iedereen!<br \/>\nGeachte genodigden,<br \/>\nBeste vrienden van Beeldenstorm,<br \/>\nEn <em>natuurlijk<\/em> beste Beeldenstormers!<\/h4>\n<p>Je vous souhaite \u00e0 toutes et tous la bienvenue, ici dans cette maison de l\u2019imagination et de l\u2019expression libre et cr\u00e9ative: Beeldenstorm. Avec toute l\u2019\u00e9quipe de Beeldenstorm, nous voulons commencer cette ann\u00e9e, avec cette r\u00e9ception, pour vous recevoir chez nous \u00e0 L\u2019asbl Beeldenstorm\u00a0: un projet unique, avec un engagement enthousiaste, bas\u00e9 sur une vision social et artistique sp\u00e9cifique, port\u00e9 dans la pratique par sont fondateur et directeur Nik et son \u00e9quipe. C\u2019est un projet qui est possible gr\u00e2ce \u00e0 la motivation persistante et le travail inlassable de toute l\u2019\u00e9quipe. Je les remercie pour leur engagement.<\/p>\n<p>Ce projet unique qui vise \u00e0 faire sortir les hommes et les femmes, les enfants et jeunes, des professionnels de tout types de leur habitat \u00ab\u00a0naturel\u00a0\u00bb, pour venir ici dans cette maison et faire l\u2019exp\u00e9rience lib\u00e9ratrice de l\u2019apprentissage et l\u2019expression artistique.<\/p>\n<p>Als Raad van Bestuur willen we het ganse team en elkeen feliciteren en bedanken voor hun inzet en engagement.<br \/>\nIk zeg het elk jaar opnieuw, het is niet in alle papieren of virtuele dossiers en de zoveelste projectaanvraag voor \u00e9\u00e9n of andere subsidie dat de visie van Beeldenstorm is en wordt. Het is hier in de dagdagelijkse werking dat de visie van Beeldenstorm concreet wordt, in elk project, elke activiteit of productie, in elk atelier, samen met elke participant. Het is op de werkvloer, dat Beeldenstorm als open aanbod, als centrum van verbeelding, haar sociaal artistieke betrachting waar maakt.<\/p>\n<p>Il me semble donc qu\u2019il faut d\u2019abord f\u00e9liciter cette \u00e9quipe pour le travail qu\u2019ils ont fait et qu\u2019ils font.<\/p>\n<p>Beeldenstorm formuleert en projecteert haar visie en werking steeds aan de hand van provocatieve, artistiek inspirerende thema\u2019s. Gewapend beton is zo een thema. Haast visionair. Het conflict en de herdenking van WO I en alle oorlogen, nooit meer oorlog !<\/p>\n<p>het conflict \u2026 wat een thema \u2026 een moeilijk thema, drager van alle angsten<br \/>\nDe afgelopen dagen en weken, maar ook jaren, honderd zelfs en meer \u2026<br \/>\nDichtbij, vlakbij, maar ook ver af, zo dat we ons al te makkelijk afwenden.<\/p>\n<p>Le conflit \u2026 en arrivant en parachute dans cette soci\u00e9t\u00e9 on pourra croire qu\u2019aujourd\u2019hui le conflit r\u00e9side au centre m\u00eame de notre vivre ensemble.<br \/>\nLe et les conflits dont nous sommes les participants ou les observateurs. Parfois tellement grands qu\u2019ils embrassent tout \u2026 qu\u2019on pense avoir perdu toutes nos possibilit\u00e9s pour les r\u00e9soudre\u00a0; pour vivre ensemble en surpassant nos diff\u00e9rences.<br \/>\nAlsof: there is no alternative \u2026\u00a0!<\/p>\n<p>Als Beeldenstormers aanvaarden we die fataliteit niet \u2026<\/p>\n<p>Daarom is het ook een \u201cBeeldenstorm thema\u201d, trouw aan zichzelf, gaat het recht naar het hart van alles waarmee Beeldenstorm aan de slag gaat.<br \/>\nWant immers, het conflict gaat over tegenstellingen, overbrugbaar of niet, over botsende visies, over het gebrek aan woorden of beelden om te praten, over geweld en pijn en de manier waarop we die toebrengen of dragen, over een geslotenheid, die de open geest of blik verblind, over angst voor het en de andere, over onderdrukking en overheersing.<\/p>\n<p>Daarom Beeldenstorm: zoeken naar hoe de afschuw uitdrukken in de ontroerende schoonheid van een artistiek werkstuk.<br \/>\nHoe kinderen wijs kunnen worden van het samenwerken m\u00e9t de grote en kleine verschillen.<br \/>\nIedereen de kans bieden die mogelijkheden van expressie aan te grijpen in alle vrijheid.<br \/>\nNeen, de ateliers, het Beeldenstorm aanbod is geen \u201cbezigheidstherapie\u201d voor kinderen na de schooluren, of voor volwassenen die niet weten wat te doen met hun vrije tijd \u2026 Beeldenstorm mikt hoger, mikt op de mogelijkheden van elke mens, ieder van ons, om onszelf te overtreffen, iets meer te worden dan we dachten te kunnen, dat ietsje meer telkens weer te ontdekken en zo groot te worden \u2026 ik bedoel \u201ceen groter mens\u201d te kunnen worden. En dat heeft niets met gestalte te maken.<\/p>\n<p>Het is ook een thema dat het werkveld van organisaties zoals Beeldenstorm tekent. Schaarste en loutere economische logica maken deze wereld tot een harde plek, waar de strijd om middelen en erkenning niet meer weg te denken is en waar haast iedereen deze logica aanvaard alsof het een natuurlijke wet is zowel politiek als menselijk.<\/p>\n<p>There is no alternative \u2026.zegt men dan.<\/p>\n<p>Ook als organisatie aanvaarden we die visie niet!<\/p>\n<p>Maar het cre\u00ebert wel een wereld waar wantrouwen de reflex wordt. Echter, echt samenwerken veronderstelt vertrouwen, kunnen rekenen op elkaar, oprecht de andere her- en erkennen. En dat is altijd een oefening. Voor onszelf als organisatie, maar ook voor eenieder werkzaam of participant in dit werkveld. Vandaag is het verworden tot een bijna te risicovolle onderneming.<\/p>\n<p>Ik heb al verschillende jaren op rij het genoegen gehad jullie hier te kunnen ontvangen in naam van de Raad van Bestuur en als voorzitter van deze vzw en dit fantastisch project. Ik ben ervan overtuigd dat jullie samen met mij dit project, deze Beeldenstorm werking een warm hart toedragen<\/p>\n<p>Beeldenstorm kan buigen op een jarenlange ervaring in het aanbieden van dat kwalitatief en origineel aanbod, dat hoger mikt, zoals ik al zei, dan haar diverse subsidi\u00ebrende overheden expliciet erkennen. Het blijft dus een fragiele, kwetsbare en precaire situatie, dit werk. Niets is verworven of gegeven. Zelfs in tegendeel. En ik kijk hiervoor ook naar politici en administraties verantwoordelijk binnen de diverse betrokken instanties van de Belgische overheid.<\/p>\n<p>Maar, Beeldenstormers geloven in de kracht van mensen, van elkeen, met zijn mogelijkheden en beperkingen, met vallen en opstaan, maar wel met het respect voor de mens, de andere. Het samenleven, samenwerken, draagt de mogelijkheid in om elk conflict te overstijgen \u2026 ook voor een organisatie zoals Beeldenstorm!<\/p>\n<p>Ja, zoals in de folk en protest song opgepikt door Pete Seegers: <em>We shall overcome \u2026<\/em><br \/>\nDat wens ik Beeldenstorm toe!<\/p>\n<p>Als voorzitter van Beeldenstorm wens ik jullie dat ook toe voor 2015: ontdek en geloof in die Beeldenstorm mogelijkheden in jezelf.<\/p>\n<p><a href=\"https:\/\/beeldenstorm.be\/web\/files\/2015\/01\/Cureghem_WeShallOvercome_vlagjes_2015_MG_8616.jpg\" rel=\"lightbox[3832]\"><img loading=\"lazy\" class=\"alignnone wp-image-3937 size-medium\" src=\"https:\/\/beeldenstorm.be\/web\/files\/2015\/01\/Cureghem_WeShallOvercome_vlagjes_2015_MG_8616-560x373.jpg\" alt=\"Cureghem_WeShallOvercome_vlagjes_2015_MG_8616\" width=\"560\" height=\"373\" srcset=\"https:\/\/beeldenstorm.be\/web\/files\/2015\/01\/Cureghem_WeShallOvercome_vlagjes_2015_MG_8616-560x373.jpg 560w, https:\/\/beeldenstorm.be\/web\/files\/2015\/01\/Cureghem_WeShallOvercome_vlagjes_2015_MG_8616-280x187.jpg 280w, https:\/\/beeldenstorm.be\/web\/files\/2015\/01\/Cureghem_WeShallOvercome_vlagjes_2015_MG_8616-1024x682.jpg 1024w, https:\/\/beeldenstorm.be\/web\/files\/2015\/01\/Cureghem_WeShallOvercome_vlagjes_2015_MG_8616.jpg 1280w\" sizes=\"(max-width: 560px) 100vw, 560px\" \/><\/a><\/p>\n","protected":false},"excerpt":{"rendered":"<p>Goedenavond iedereen! Geachte genodigden, Beste vrienden van Beeldenstorm, En natuurlijk [&hellip;]<\/p>\n","protected":false},"author":19,"featured_media":0,"parent":280,"menu_order":0,"comment_status":"closed","ping_status":"closed","template":"","meta":{"_EventAllDay":false,"_EventTimezone":"","_EventStartDate":"","_EventEndDate":"","_EventStartDateUTC":"","_EventEndDateUTC":"","_EventShowMap":false,"_EventShowMapLink":false,"_EventURL":"","_EventCost":"","_EventCostDescription":"","_EventCurrencySymbol":"","_EventCurrencyPosition":"","_EventDateTimeSeparator":"","_EventTimeRangeSeparator":"","_EventOrganizerID":[],"_EventVenueID":0,"_OrganizerEmail":"","_OrganizerPhone":"","_OrganizerWebsite":"","_VenueAddress":"","_VenueCity":"","_VenueCountry":"","_VenueProvince":"","_VenueZip":"","_VenuePhone":"","_VenueURL":"","_VenueStateProvince":"","_VenueLat":"","_VenueLng":"","_tribe_blocks_recurrence_rules":"","_tribe_blocks_recurrence_exclusions":"","_tribe_blocks_recurrence_description":"","spay_email":""},"jetpack_sharing_enabled":true,"jetpack_shortlink":"https:\/\/wp.me\/P22GyJ-ZO","_links":{"self":[{"href":"https:\/\/beeldenstorm.be\/web\/wp-json\/wp\/v2\/pages\/3832"}],"collection":[{"href":"https:\/\/beeldenstorm.be\/web\/wp-json\/wp\/v2\/pages"}],"about":[{"href":"https:\/\/beeldenstorm.be\/web\/wp-json\/wp\/v2\/types\/page"}],"author":[{"embeddable":true,"href":"https:\/\/beeldenstorm.be\/web\/wp-json\/wp\/v2\/users\/19"}],"replies":[{"embeddable":true,"href":"https:\/\/beeldenstorm.be\/web\/wp-json\/wp\/v2\/comments?post=3832"}],"version-history":[{"count":5,"href":"https:\/\/beeldenstorm.be\/web\/wp-json\/wp\/v2\/pages\/3832\/revisions"}],"predecessor-version":[{"id":3939,"href":"https:\/\/beeldenstorm.be\/web\/wp-json\/wp\/v2\/pages\/3832\/revisions\/3939"}],"up":[{"embeddable":true,"href":"https:\/\/beeldenstorm.be\/web\/wp-json\/wp\/v2\/pages\/280"}],"wp:attachment":[{"href":"https:\/\/beeldenstorm.be\/web\/wp-json\/wp\/v2\/media?parent=3832"}],"curies":[{"name":"wp","href":"https:\/\/api.w.org\/{rel}","templated":true}]}}