{"id":3975,"date":"2015-03-10T16:40:11","date_gmt":"2015-03-10T15:40:11","guid":{"rendered":"http:\/\/beeldenstorm.be\/web\/?page_id=3975"},"modified":"2015-03-30T11:18:41","modified_gmt":"2015-03-30T09:18:41","slug":"plantenklimrekken-een-steuntje-voor-u-en-voor-ons","status":"publish","type":"page","link":"https:\/\/beeldenstorm.be\/web\/promotie-en-productie\/plantenklimrekken-een-steuntje-voor-u-en-voor-ons\/","title":{"rendered":"Plantenklimrekken \u2022 Een steuntje voor u en voor ons."},"content":{"rendered":"<h5>Nu\u00a0<a title=\"beeldenstorm \u2022 winkel\" href=\"https:\/\/beeldenstorm.be\/web\/winkel\/\">te koop<\/a> in onze winkel.<\/h5>\n<div class=\"page\" title=\"Page 15\">\n<div class=\"layoutArea\">\n<div class=\"column\">\n<h3>\u201cWij willen bruggen slaan tussen onze verschillende doelgroepen met onze sociale economie projecten\u201d<\/h3>\n<p>\u201cNous voulons construire des ponts entre nos diff\u00e9rents groupes cibles avec nos projets d\u2019\u00e9conomie sociale\u201d<\/p>\n<\/div>\n<\/div>\n<\/div>\n<div class=\"page\" title=\"Page 15\">\n<div class=\"layoutArea\">\n<div class=\"column\">\n<div class=\"page\" title=\"Page 14\">\n<div class=\"layoutArea\">\n<div class=\"column\">\n<div class=\"page\" title=\"Page 1\">\n<div class=\"section\">\n<div class=\"layoutArea\">\n<div class=\"column\">\n<p>De artisanale klimrekken die wij verkopen zijn een product van de transversale en hybride werking van Beeldenstorm binnen het kader van de sociale economie. Beeldenstorm engageert zich reeds 15 jaar in creatieve tewerkstelling voor de Kuregemwijk.<\/p>\n<\/div>\n<\/div>\n<\/div>\n<\/div>\n<p>Les supports artisanaux de roses que nous offrons ici sont un produit du fonctionnement transverse et hybride de Beeldenstorm dans le contexte de l\u2019\u00e9conomie sociale.<\/p>\n<p>Beeldenstorm heeft gedurende jaren een volwaardig sociaal-economisch project lopen dat uitgedacht werd rond:<\/p>\n<ul>\n<li>BEELDENDE KUNSTEN: in het metaalbewerkingsatelier, de drukkerij voor de non-profit, de schrijnwerkerij en het keramiekatelier<\/li>\n<li>DE AUDIO-VISUELE SECTOR: Beeldenstorm TV<\/li>\n<li>DE PODIUMKUNSTEN: in het kostuumatelier\/snit en naad<\/li>\n<li>CATERING: met aandacht voor gezonde voeding.<\/li>\n<\/ul>\n<\/div>\n<\/div>\n<\/div>\n<\/div>\n<\/div>\n<\/div>\n<div class=\"page\" title=\"Page 3\">\n<div class=\"layoutArea\">\n<div class=\"column\">\n<p>Beeldenstorm a depuis des nombreuses ann\u00e9es un projet d\u2019\u00e9conomie sociale \u00e0 part enti\u00e8re lequel a \u00e9t\u00e9 con\u00e7u autour:<\/p>\n<ul>\n<li>LES BEAUX ARTS: l\u2019atelier de m\u00e9tallurgie, imprimerie \u00e0 but non lucrative, ateliers de menuisiers et atelier de c\u00e9ramique<\/li>\n<li>AUDIOVISUEL: Beeldenstorm TV<\/li>\n<li>LES ARTS DE LA SC\u00c8NE: couture dans l\u2019atelier du costume<\/li>\n<li>CATERING: l\u2019attention \u00e0 l\u2019alimentation saine<\/li>\n<\/ul>\n<\/div>\n<\/div>\n<\/div>\n<table style=\"height: 3417px;\" width=\"673\" cellspacing=\"0\" cellpadding=\"0\">\n<tbody>\n<tr>\n<td colspan=\"3\" valign=\"top\">\n<h6>Hoog rond rek, 4 krullen<\/h6>\n<\/td>\n<\/tr>\n<tr>\n<td valign=\"top\"><a style=\"font-family: inherit; font-size: inherit; line-height: 1.5;\" href=\"https:\/\/beeldenstorm.be\/web\/files\/2015\/03\/rozenrekken-1-01_web.png\" rel=\"lightbox[3975]\"><img loading=\"lazy\" class=\"alignleft wp-image-3980\" src=\"https:\/\/beeldenstorm.be\/web\/files\/2015\/03\/rozenrekken-1-01_web-280x393.png\" alt=\"Rozenrekken \u2022 Een steuntje voor u en voor ons.\" width=\"214\" height=\"300\" srcset=\"https:\/\/beeldenstorm.be\/web\/files\/2015\/03\/rozenrekken-1-01_web-280x393.png 280w, https:\/\/beeldenstorm.be\/web\/files\/2015\/03\/rozenrekken-1-01_web-560x786.png 560w, https:\/\/beeldenstorm.be\/web\/files\/2015\/03\/rozenrekken-1-01_web.png 730w\" sizes=\"(max-width: 214px) 100vw, 214px\" \/><\/a><\/td>\n<td valign=\"top\">\n<h5>\u00d8 60 &#8211; H 150cm<\/h5>\n<\/td>\n<td valign=\"top\">\n<h5>120,- \u20ac<em>*<\/em><\/h5>\n<\/td>\n<\/tr>\n<tr>\n<td colspan=\"3\" valign=\"top\">\n<h6>Haagscherm<\/h6>\n<\/td>\n<\/tr>\n<tr>\n<td valign=\"top\"><a href=\"https:\/\/beeldenstorm.be\/web\/files\/2015\/03\/rozenrekken-1-02_web.png\" rel=\"lightbox[3975]\"><img loading=\"lazy\" class=\"alignleft wp-image-3981\" src=\"https:\/\/beeldenstorm.be\/web\/files\/2015\/03\/rozenrekken-1-02_web-280x393.png\" alt=\"Rozenrekken \u2022 Een steuntje voor u en voor ons.\" width=\"214\" height=\"300\" srcset=\"https:\/\/beeldenstorm.be\/web\/files\/2015\/03\/rozenrekken-1-02_web-280x393.png 280w, https:\/\/beeldenstorm.be\/web\/files\/2015\/03\/rozenrekken-1-02_web-560x786.png 560w, https:\/\/beeldenstorm.be\/web\/files\/2015\/03\/rozenrekken-1-02_web.png 730w\" sizes=\"(max-width: 214px) 100vw, 214px\" \/><\/a><\/td>\n<td valign=\"top\">\n<h5>B 78cm &#8211; H 180cm<\/h5>\n<\/td>\n<td valign=\"top\">\n<h5>120,- \u20ac<em>*<\/em><\/h5>\n<\/td>\n<\/tr>\n<tr>\n<td colspan=\"3\" valign=\"top\">\n<h6>\u00a0Halve cirkel<\/h6>\n<\/td>\n<\/tr>\n<tr>\n<td valign=\"top\"><a href=\"https:\/\/beeldenstorm.be\/web\/files\/2015\/03\/rozenrekken-1-08_web.png\" rel=\"lightbox[3975]\"><img loading=\"lazy\" class=\"alignleft wp-image-3985\" src=\"https:\/\/beeldenstorm.be\/web\/files\/2015\/03\/rozenrekken-1-08_web-280x392.png\" alt=\"Rozenrekken \u2022 Een steuntje voor u en voor ons.\" width=\"214\" height=\"300\" srcset=\"https:\/\/beeldenstorm.be\/web\/files\/2015\/03\/rozenrekken-1-08_web-280x392.png 280w, https:\/\/beeldenstorm.be\/web\/files\/2015\/03\/rozenrekken-1-08_web-560x783.png 560w, https:\/\/beeldenstorm.be\/web\/files\/2015\/03\/rozenrekken-1-08_web.png 732w\" sizes=\"(max-width: 214px) 100vw, 214px\" \/><\/a><\/td>\n<td valign=\"top\">\n<h5>\u00a0B 78cm &#8211; H 100cm<\/h5>\n<\/td>\n<td valign=\"top\">\n<h5>\u00a060,- \u20ac<em>*<\/em><\/h5>\n<\/td>\n<\/tr>\n<tr>\n<td colspan=\"3\" valign=\"top\">\n<h6>\u00a0Rond rozenrek<\/h6>\n<\/td>\n<\/tr>\n<tr>\n<td valign=\"top\"><a href=\"https:\/\/beeldenstorm.be\/web\/files\/2015\/03\/rozenrekken-1-04_web.png\" rel=\"lightbox[3975]\"><img loading=\"lazy\" class=\"alignleft wp-image-3982\" src=\"https:\/\/beeldenstorm.be\/web\/files\/2015\/03\/rozenrekken-1-04_web-280x392.png\" alt=\"Rozenrekken \u2022 Een steuntje voor u en voor ons.\" width=\"214\" height=\"300\" srcset=\"https:\/\/beeldenstorm.be\/web\/files\/2015\/03\/rozenrekken-1-04_web-280x392.png 280w, https:\/\/beeldenstorm.be\/web\/files\/2015\/03\/rozenrekken-1-04_web-560x784.png 560w, https:\/\/beeldenstorm.be\/web\/files\/2015\/03\/rozenrekken-1-04_web.png 731w\" sizes=\"(max-width: 214px) 100vw, 214px\" \/><\/a><\/td>\n<td valign=\"top\">\n<h5>\u00a0\u00d8 50cm &#8211; H 100cm<\/h5>\n<\/td>\n<td valign=\"top\">\n<h5>\u00a060,- \u20ac<em>*<\/em><\/h5>\n<\/td>\n<\/tr>\n<tr>\n<td colspan=\"3\" valign=\"top\">\n<h6>\u00a0Hoog en small, rond<\/h6>\n<\/td>\n<\/tr>\n<tr>\n<td valign=\"top\"><a href=\"https:\/\/beeldenstorm.be\/web\/files\/2015\/03\/rozenrekken-1-07_web.png\" rel=\"lightbox[3975]\"><img loading=\"lazy\" class=\"alignleft wp-image-3984\" src=\"https:\/\/beeldenstorm.be\/web\/files\/2015\/03\/rozenrekken-1-07_web-280x392.png\" alt=\"Rozenrekken \u2022 Een steuntje voor u en voor ons.\" width=\"214\" height=\"300\" srcset=\"https:\/\/beeldenstorm.be\/web\/files\/2015\/03\/rozenrekken-1-07_web-280x392.png 280w, https:\/\/beeldenstorm.be\/web\/files\/2015\/03\/rozenrekken-1-07_web-560x784.png 560w, https:\/\/beeldenstorm.be\/web\/files\/2015\/03\/rozenrekken-1-07_web.png 731w\" sizes=\"(max-width: 214px) 100vw, 214px\" \/><\/a><\/td>\n<td valign=\"top\">\n<h5>\u00a0\u00d8 40cm &#8211; H 185cm<\/h5>\n<\/td>\n<td valign=\"top\">\n<h5>\u00a080,- \u20ac<em>*<\/em><\/h5>\n<\/td>\n<\/tr>\n<tr>\n<td colspan=\"3\" valign=\"top\">\n<h6>\u00a0Pyramide<\/h6>\n<\/td>\n<\/tr>\n<tr>\n<td valign=\"top\"><a href=\"https:\/\/beeldenstorm.be\/web\/files\/2015\/03\/rozenrekken-1-10_web.png\" rel=\"lightbox[3975]\"><img loading=\"lazy\" class=\"alignleft wp-image-3986\" src=\"https:\/\/beeldenstorm.be\/web\/files\/2015\/03\/rozenrekken-1-10_web-280x393.png\" alt=\"Rozenrekken \u2022 Een steuntje voor u en voor ons.\" width=\"214\" height=\"300\" srcset=\"https:\/\/beeldenstorm.be\/web\/files\/2015\/03\/rozenrekken-1-10_web-280x393.png 280w, https:\/\/beeldenstorm.be\/web\/files\/2015\/03\/rozenrekken-1-10_web-560x787.png 560w, https:\/\/beeldenstorm.be\/web\/files\/2015\/03\/rozenrekken-1-10_web.png 729w\" sizes=\"(max-width: 214px) 100vw, 214px\" \/><\/a><\/td>\n<td valign=\"top\">\n<h5>\u00a0B 40cm\u00a0&#8211; H 130cm<\/h5>\n<\/td>\n<td valign=\"top\">\n<h5>\u00a060,- \u20ac<em>*<\/em><\/h5>\n<\/td>\n<\/tr>\n<tr>\n<td colspan=\"3\" valign=\"top\">\n<h6>\u00a0Plat\u00a0scherm<\/h6>\n<\/td>\n<\/tr>\n<tr>\n<td valign=\"top\"><a href=\"https:\/\/beeldenstorm.be\/web\/files\/2015\/03\/rozenrekken-1-05_web.png\" rel=\"lightbox[3975]\"><img loading=\"lazy\" class=\"alignleft wp-image-3983\" src=\"https:\/\/beeldenstorm.be\/web\/files\/2015\/03\/rozenrekken-1-05_web-280x395.png\" alt=\"Rozenrekken \u2022 Een steuntje voor u en voor ons.\" width=\"213\" height=\"300\" srcset=\"https:\/\/beeldenstorm.be\/web\/files\/2015\/03\/rozenrekken-1-05_web-280x395.png 280w, https:\/\/beeldenstorm.be\/web\/files\/2015\/03\/rozenrekken-1-05_web-560x790.png 560w, https:\/\/beeldenstorm.be\/web\/files\/2015\/03\/rozenrekken-1-05_web.png 726w\" sizes=\"(max-width: 213px) 100vw, 213px\" \/><\/a><\/td>\n<td valign=\"top\">\n<h5>\u00a0B 120cm &#8211; H 160cm<\/h5>\n<\/td>\n<td valign=\"top\"><\/td>\n<\/tr>\n<tr>\n<td colspan=\"3\" valign=\"top\">\n<h6>\u00a0Halve cirkel scherm<\/h6>\n<\/td>\n<\/tr>\n<tr>\n<td valign=\"top\"><\/td>\n<td valign=\"top\">\n<h5>\u00a0B 120cm &#8211; H 160cm<\/h5>\n<\/td>\n<td valign=\"top\"><\/td>\n<\/tr>\n<\/tbody>\n<\/table>\n<p>&nbsp;<\/p>\n<h5><em>* Prijs per rozenrek\u00a0incl.\u00a0BTW,\u00a0excl.\u00a0verzendingskosten binnenland<\/em><\/h5>\n","protected":false},"excerpt":{"rendered":"<p>Nu\u00a0te koop in onze winkel. \u201cWij willen bruggen slaan tussen [&hellip;]<\/p>\n","protected":false},"author":19,"featured_media":0,"parent":2196,"menu_order":0,"comment_status":"closed","ping_status":"closed","template":"","meta":{"_EventAllDay":false,"_EventTimezone":"","_EventStartDate":"","_EventEndDate":"","_EventStartDateUTC":"","_EventEndDateUTC":"","_EventShowMap":false,"_EventShowMapLink":false,"_EventURL":"","_EventCost":"","_EventCostDescription":"","_EventCurrencySymbol":"","_EventCurrencyPosition":"","_EventDateTimeSeparator":"","_EventTimeRangeSeparator":"","_EventOrganizerID":[],"_EventVenueID":0,"_OrganizerEmail":"","_OrganizerPhone":"","_OrganizerWebsite":"","_VenueAddress":"","_VenueCity":"","_VenueCountry":"","_VenueProvince":"","_VenueZip":"","_VenuePhone":"","_VenueURL":"","_VenueStateProvince":"","_VenueLat":"","_VenueLng":"","_tribe_blocks_recurrence_rules":"","_tribe_blocks_recurrence_exclusions":"","_tribe_blocks_recurrence_description":"","spay_email":""},"jetpack_sharing_enabled":true,"jetpack_shortlink":"https:\/\/wp.me\/P22GyJ-127","_links":{"self":[{"href":"https:\/\/beeldenstorm.be\/web\/wp-json\/wp\/v2\/pages\/3975"}],"collection":[{"href":"https:\/\/beeldenstorm.be\/web\/wp-json\/wp\/v2\/pages"}],"about":[{"href":"https:\/\/beeldenstorm.be\/web\/wp-json\/wp\/v2\/types\/page"}],"author":[{"embeddable":true,"href":"https:\/\/beeldenstorm.be\/web\/wp-json\/wp\/v2\/users\/19"}],"replies":[{"embeddable":true,"href":"https:\/\/beeldenstorm.be\/web\/wp-json\/wp\/v2\/comments?post=3975"}],"version-history":[{"count":24,"href":"https:\/\/beeldenstorm.be\/web\/wp-json\/wp\/v2\/pages\/3975\/revisions"}],"predecessor-version":[{"id":4044,"href":"https:\/\/beeldenstorm.be\/web\/wp-json\/wp\/v2\/pages\/3975\/revisions\/4044"}],"up":[{"embeddable":true,"href":"https:\/\/beeldenstorm.be\/web\/wp-json\/wp\/v2\/pages\/2196"}],"wp:attachment":[{"href":"https:\/\/beeldenstorm.be\/web\/wp-json\/wp\/v2\/media?parent=3975"}],"curies":[{"name":"wp","href":"https:\/\/api.w.org\/{rel}","templated":true}]}}