{"id":4523,"date":"2016-02-23T15:16:50","date_gmt":"2016-02-23T14:16:50","guid":{"rendered":"http:\/\/beeldenstorm.be\/web\/?page_id=4523"},"modified":"2019-10-14T10:06:37","modified_gmt":"2019-10-14T08:06:37","slug":"kuregem-deel-4-zwart-afrikanen-cureghem-partie-4-les-noirs-africains","status":"publish","type":"page","link":"https:\/\/beeldenstorm.be\/web\/promotie-en-productie\/kuregem-deel-1-5-cureghem-partie-1-5\/kuregem-deel-4-zwart-afrikanen-cureghem-partie-4-les-noirs-africains\/","title":{"rendered":"Kuregem \u2022 deel 4 \u2022 Zwart-Afrikanen \/ Cureghem \u2022 partie 4 \u2022 Les Noirs africains"},"content":{"rendered":"<p>[NL]<\/p>\n<h4 class=\"western\" lang=\"nl-NL\"><span lang=\"nl-BE\">Kuregem \u2022 deel 4 \u2022 \u201cZwart-Afrikanen\u201d<\/span><\/h4>\n<p class=\"western\">Kuregem is een geglobaliseerde wijk die op verschillende manieren verbonden is met de wereld. In deze superdiverse realiteit wordt in deel vier de focus gericht op de Zwart-Afrikaanse gemeenschap in Kuregem. Volledige hoofdstukken zijn gewijd aan Kuregem als centrum van een wereldkeuken, de export van tweedehandsauto\u2019s naar Afrika en de talrijke Zwart-Afrikaanse pinksterkerken.<\/p>\n<p class=\"western\" lang=\"nl-NL\"><i><\/i><span lang=\"nl-BE\"><i>De publicatie is gedrukt verkrijgbaar aan de prijs van <strong>8,95 euro<\/strong> incl. verzending via <i><em>dirkdca\/at\/gmail\/dot\/com.&nbsp;<\/em><\/i><\/i><\/span><u><\/u><\/p>\n<p class=\"western\" lang=\"nl-NL\">download de brochure:&nbsp;<a href=\"https:\/\/beeldenstorm.be\/web\/files\/2016\/02\/Kuregem_deel-4-Zwart-Afrikanen_NL_web.pdf\" target=\"_blank\" rel=\"noopener noreferrer\">Kuregem &#8211; deel 4 &#8211; Zwart-Afrikanen NL<\/a><\/p>\n<p class=\"western\" lang=\"nl-NL\"><i>Deel 1, 2, 3 en 4 samen aan de prijs van <b>20 euro<\/b> incl. verzending.&nbsp;<\/i><\/p>\n<p><a href=\"https:\/\/beeldenstorm.be\/web\/files\/2016\/02\/Kuregem_deel-4_Zwart-Afrikanen.jpg\" rel=\"lightbox[4523]\"><img loading=\"lazy\" class=\"alignnone size-thumbnail wp-image-4528\" src=\"https:\/\/beeldenstorm.be\/web\/files\/2016\/02\/Kuregem_deel-4_Zwart-Afrikanen-280x396.jpg\" alt=\"Kuregem \u2022 deel 4 \u2022 Zwart-Afrikanen\" width=\"280\" height=\"396\" srcset=\"https:\/\/beeldenstorm.be\/web\/files\/2016\/02\/Kuregem_deel-4_Zwart-Afrikanen-280x396.jpg 280w, https:\/\/beeldenstorm.be\/web\/files\/2016\/02\/Kuregem_deel-4_Zwart-Afrikanen-560x792.jpg 560w, https:\/\/beeldenstorm.be\/web\/files\/2016\/02\/Kuregem_deel-4_Zwart-Afrikanen.jpg 724w\" sizes=\"(max-width: 280px) 100vw, 280px\" \/><\/a><br \/>\n<!--\n<i>De publicatie wordt onder andere te koop aangeboden op de volgende plaatsen:<\/i>\n\n\n<ul>\n \t\n\n<li lang=\"nl-NL\"><span lang=\"nl-BE\"><i>Afrika Market, Clemenceaulaan 107-109, 1070 Anderlecht<\/i><\/span><\/li>\n\n\n \t\n\n<li><i>Bibliotheek Anderlecht, Sint-Guidostraat 97, 1070 Anderlecht<\/i><\/li>\n\n\n \t\n\n<li lang=\"nl-NL\"><i>Cosmos, Dr. De Meersmanstraat 14, 1070 Anderlecht<\/i><\/li>\n\n\n \t\n\n<li lang=\"nl-NL\"><i>De Rinck, Dapperheidsplein 25, 1070 Anderlecht<\/i><\/li>\n\n\n \t\n\n<li lang=\"nl-NL\"><i>Librairie du Midi, Poincar\u00e9laan 75, 1070 Anderlecht<\/i><\/li>\n\n\n \t\n\n<li lang=\"nl-NL\"><i>Passa Porta Bookshop, Antoine Dansaertstraat 46, 1000 Brussel<\/i><\/li>\n\n\n \t\n\n<li><i>Standaard Boekhandel, Muntplein 4, 1000 Brussel<\/i><\/li>\n\n\n<\/ul>\n\n\n--><br \/>\n[FR]<\/p>\n<h4 class=\"western\" lang=\"nl-NL\"><span lang=\"nl-BE\">Cureghem \u2022 partie 4 \u2022 \u201cLes Noirs africains\u201d<\/span><\/h4>\n<p class=\"western\"><span style=\"color: #000000;\"><span lang=\"fr-BE\">Cureghem est un quartier cosmopolite qui est li\u00e9 au monde de diverses mani\u00e8res. Au sein de cette r\u00e9alit\u00e9 tr\u00e8s diversifi\u00e9e, la partie 4 se focalisera sur la communaut\u00e9 noire africaine vivant \u00e0 Cureghem. Il y sera question de Cureghem, en tant que centre des cuisines du monde, en tant que p\u00f4le d&#8217;exportation de voitures d&#8217;occasion vers l&#8217;Afrique et comme quartier d&#8217;Anderlecht comptant de nombreuses \u00e9glises pentec\u00f4tistes fr\u00e9qu<\/span><\/span><span style=\"color: #000000;\"><span lang=\"fr-FR\">ent\u00e9es par les Noirs africains.<\/span><\/span><\/p>\n<p class=\"western\" lang=\"fr-BE\"><i><\/i><span lang=\"fr-BE\"><i>On peut obtenir la version imprim\u00e9e de la publication au prix de <strong>8,95 euro<\/strong> y compris les frais d&#8217;envoi en s&#8217;adressant \u00e0 <i>dirkdca\/at\/gmail\/dot\/com.&nbsp;<\/i><\/i><\/span><u><\/u><\/p>\n<p class=\"western\" lang=\"fr-BE\">t\u00eal\u00eacharger&nbsp;la brochure:&nbsp;<a href=\"https:\/\/beeldenstorm.be\/web\/files\/2016\/02\/Cureghem-partie-4-Les-Noirs-Africains_FR_web.pdf\" target=\"_blank\" rel=\"noopener noreferrer\">Cureghem &#8211; partie 4 &#8211; Les Noirs Africains FR<\/a><\/p>\n<p class=\"western\" lang=\"fr-BE\"><i>Vous pourrez vous procurer l&#8217;ensemble des parties 2, 3 et 4 au prix de <b>20 euro<\/b>, frais d&#8217;envoi compris.&nbsp;<\/i><\/p>\n<p class=\"western\" lang=\"fr-BE\"><a href=\"https:\/\/beeldenstorm.be\/web\/files\/2016\/02\/Cureghem_partie-4_Les-Noirs-africains.jpg\" rel=\"lightbox[4523]\"><img loading=\"lazy\" class=\"alignnone size-thumbnail wp-image-4527\" src=\"https:\/\/beeldenstorm.be\/web\/files\/2016\/02\/Cureghem_partie-4_Les-Noirs-africains-280x396.jpg\" alt=\"Cureghem \u2022 partie 4 \u2022 Les-Noirs-africains\" width=\"280\" height=\"396\" srcset=\"https:\/\/beeldenstorm.be\/web\/files\/2016\/02\/Cureghem_partie-4_Les-Noirs-africains-280x396.jpg 280w, https:\/\/beeldenstorm.be\/web\/files\/2016\/02\/Cureghem_partie-4_Les-Noirs-africains-560x792.jpg 560w, https:\/\/beeldenstorm.be\/web\/files\/2016\/02\/Cureghem_partie-4_Les-Noirs-africains.jpg 724w\" sizes=\"(max-width: 280px) 100vw, 280px\" \/><\/a><\/p>\n<p><!--\n\n\n<p lang=\"fr-FR\"><i>Vous pouvez acheter cette publication \u00e0:\u00a0<\/i><\/p>\n\n\n\n\n\n<ul>\n \t\n\n<li lang=\"fr-FR\"><i>Afrika Market, avenue Clemenceau 107-109, 1070 Anderlecht<\/i><\/li>\n\n\n \t\n\n<li lang=\"fr-FR\"><i>Cosmos, rue Dr. De Meersman 14, 1070 Anderlecht<\/i><\/li>\n\n\n \t\n\n<li lang=\"nl-NL\"><span lang=\"fr-FR\"><i>De Rinck, place de la Vaillance 25, 1070 Anderlecht<\/i><\/span><\/li>\n\n\n \t\n\n<li lang=\"fr-FR\"><i>Librairie du Midi, boulevard Poincar\u00e9 75, 1070 Anderlecht<\/i><\/li>\n\n\n \t\n\n<li lang=\"fr-FR\"><i>Tropismes Libraires, Galerie des Princes 11, 1000 Bruxelles<\/i><\/li>\n\n\n<\/ul>\n\n\n--><\/p>\n","protected":false},"excerpt":{"rendered":"<p>[NL] Kuregem \u2022 deel 4 \u2022 \u201cZwart-Afrikanen\u201d Kuregem is een [&hellip;]<\/p>\n","protected":false},"author":19,"featured_media":0,"parent":12269,"menu_order":0,"comment_status":"closed","ping_status":"closed","template":"","meta":{"_EventAllDay":false,"_EventTimezone":"","_EventStartDate":"","_EventEndDate":"","_EventStartDateUTC":"","_EventEndDateUTC":"","_EventShowMap":false,"_EventShowMapLink":false,"_EventURL":"","_EventCost":"","_EventCostDescription":"","_EventCurrencySymbol":"","_EventCurrencyPosition":"","_EventDateTimeSeparator":"","_EventTimeRangeSeparator":"","_EventOrganizerID":[],"_EventVenueID":0,"_OrganizerEmail":"","_OrganizerPhone":"","_OrganizerWebsite":"","_VenueAddress":"","_VenueCity":"","_VenueCountry":"","_VenueProvince":"","_VenueZip":"","_VenuePhone":"","_VenueURL":"","_VenueStateProvince":"","_VenueLat":"","_VenueLng":"","_tribe_blocks_recurrence_rules":"","_tribe_blocks_recurrence_exclusions":"","_tribe_blocks_recurrence_description":"","spay_email":""},"jetpack_sharing_enabled":true,"jetpack_shortlink":"https:\/\/wp.me\/P22GyJ-1aX","_links":{"self":[{"href":"https:\/\/beeldenstorm.be\/web\/wp-json\/wp\/v2\/pages\/4523"}],"collection":[{"href":"https:\/\/beeldenstorm.be\/web\/wp-json\/wp\/v2\/pages"}],"about":[{"href":"https:\/\/beeldenstorm.be\/web\/wp-json\/wp\/v2\/types\/page"}],"author":[{"embeddable":true,"href":"https:\/\/beeldenstorm.be\/web\/wp-json\/wp\/v2\/users\/19"}],"replies":[{"embeddable":true,"href":"https:\/\/beeldenstorm.be\/web\/wp-json\/wp\/v2\/comments?post=4523"}],"version-history":[{"count":11,"href":"https:\/\/beeldenstorm.be\/web\/wp-json\/wp\/v2\/pages\/4523\/revisions"}],"predecessor-version":[{"id":12278,"href":"https:\/\/beeldenstorm.be\/web\/wp-json\/wp\/v2\/pages\/4523\/revisions\/12278"}],"up":[{"embeddable":true,"href":"https:\/\/beeldenstorm.be\/web\/wp-json\/wp\/v2\/pages\/12269"}],"wp:attachment":[{"href":"https:\/\/beeldenstorm.be\/web\/wp-json\/wp\/v2\/media?parent=4523"}],"curies":[{"name":"wp","href":"https:\/\/api.w.org\/{rel}","templated":true}]}}