{"id":6239,"date":"2017-10-24T15:07:33","date_gmt":"2017-10-24T13:07:33","guid":{"rendered":"http:\/\/beeldenstorm.be\/web\/?page_id=6239"},"modified":"2018-07-03T12:03:17","modified_gmt":"2018-07-03T10:03:17","slug":"smetana-sjostakovitsj-pianotrios-cd","status":"publish","type":"page","link":"https:\/\/beeldenstorm.be\/web\/promotie-en-productie\/smetana-sjostakovitsj-pianotrios-cd\/","title":{"rendered":"\u201cSmetana, Sjostakovitsj &#8211; Pianotrio\u2019s\u201d \u2022 cd"},"content":{"rendered":"<p><em>(geluidsfragment volgt nog)<\/em><\/p>\n<p><em>Componist(en):<\/em><\/p>\n<div class=\"composers-list-on-album\">\n<ul class=\"composerslist\">\n<li><strong>Bed\u0159ich Smetana<\/strong>\u00a0(1824-1884)<\/li>\n<li><strong>Dmitri Sjostakovitsj<\/strong>\u00a0(1906-1975)<\/li>\n<\/ul>\n<\/div>\n<div class=\"artists-list-on-album\">\n<div class=\"left\"><em>Artiest(en): <\/em><\/div>\n<ul class=\"artistlist\">\n<li><strong>Ensembl&#8217;Arenski<\/strong><\/li>\n<\/ul>\n<p><a href=\"https:\/\/beeldenstorm.be\/web\/files\/2013\/09\/Ensembl-Arenski_KTC-1606.jpg\" rel=\"lightbox[6239]\"><img loading=\"lazy\" class=\"alignnone size-medium wp-image-6228\" src=\"https:\/\/beeldenstorm.be\/web\/files\/2013\/09\/Ensembl-Arenski_KTC-1606-560x513.jpg\" alt=\"\" width=\"560\" height=\"513\" srcset=\"https:\/\/beeldenstorm.be\/web\/files\/2013\/09\/Ensembl-Arenski_KTC-1606-560x513.jpg 560w, https:\/\/beeldenstorm.be\/web\/files\/2013\/09\/Ensembl-Arenski_KTC-1606-280x257.jpg 280w, https:\/\/beeldenstorm.be\/web\/files\/2013\/09\/Ensembl-Arenski_KTC-1606-768x704.jpg 768w, https:\/\/beeldenstorm.be\/web\/files\/2013\/09\/Ensembl-Arenski_KTC-1606-1024x938.jpg 1024w, https:\/\/beeldenstorm.be\/web\/files\/2013\/09\/Ensembl-Arenski_KTC-1606.jpg 1280w\" sizes=\"(max-width: 560px) 100vw, 560px\" \/><\/a><\/p>\n<p><small>Et\u2019cetera KTC 1606 \u2022 DDD-54\u2019 . 1CD . 8711801016061 . 22\/10\/2017 . ET&#8217;CETERA RECORDS<\/small><\/p>\n<p>Deze cd is te koop voor\u00a0<strong>\u20ac21.50<\/strong>\u00a0per cd <em>incl.\u00a0BTW.\u00a0<\/em><\/p>\n<p>BEDRICH SMETANA<br \/>\nPIANO TRIO IN G MINOR, OP. 15<br \/>\nDMITRI SHOSTAKOVICH<br \/>\nPIANO TRIO IN E MINOR, OP. 67<\/p>\n<\/div>\n<blockquote><p>Met het Ensembl\u2019Arenski levert het Belgische opleidingsinstituut Muziekkapel Koningin Elisabeth opnieuw een pianotrio van formaat af. Voor hun debuut-cd koos dit trio niet bepaald lichtvoetige kost. Zowel Bed\u0159ich Smetana als Dmitri Sjostakovitsj componeerden hun trio na een verlammend verlies. Smetana probeerde de dood van zijn zeer getalenteerde dochtertje te bezweren met krachtige muzikale formules en lieflijke herinneringen. In het derde deel wordt een koortsachtige onrust treffend verklankt. Als de gemoederen oververhit dreigen te raken brengt de cello kalmte en bezinning. Sjostakovitsj kon naar eigen zeggen maandenlang niets componeren na de plotselinge dood van zijn vriend Ivan Sollertinski. Maar het eerste deel van zijn pianotrio was al bijna klaar toen de onheilstijding hem bereikte.<\/p>\n<p>Met dit grote verdriet hebben de ijzige flageoletten in de vioolsolo en de schoorvoetend troostende tweede stem in de cello waarmee het trio opent dus niets te maken. En juist in het tweede deel herken je de vrolijke acrobatische toeren van Sjostakovitsj uit duizenden. Des te harder komt het intense en doorleefde derde deel binnen. Met een Joods thema herdenkt Sjostakovitsj zijn vriend Sollertinski in het vierde deel. De humor heeft iets verbetens en dreigends. De drie jonge Belgische vrouwen beheersen hun materiaal uitstekend.<br \/>\nJammer dat de cd na een krap uurtje al afgelopen is.<\/p>\n<p style=\"text-align: right;\">Carine Alders<br \/>\nbronvermelding: \u201cLuister\u201d artikel Geluisterd APRIL 2018<\/p>\n<\/blockquote>\n<p>&nbsp;<\/p>\n<div class=\"artists-list-on-album\">\n<p>Dmitri Sjostakovitsj componeerde zijn Pianotrio\u00a0Nr. 2 in e-mineur, Op. 67<\/p>\n<p>In de nasleep van een\u00a0tragische gebeurtenis: op 11 februari 1944 was\u00a0een van zijn dierbaarste vrienden gestorven aan\u00a0een hartaanval. Verdriet verlamde Sjostakovitsj\u2019\u00a0creativiteit, en hij voltooide het pianotrio pas\u00a0in augustus van dat jaar. De componist was\u00a0niet de eerste die een pianotrio schreef om een\u00a0overleden geliefde te betreuren. In 1882 droeg\u00a0Tsjaikovski zijn Pianotrio in a-mineur, Op. 50 op\u00a0aan zijn vriend en mentor Nikolaj Rubinstein. En\u00a0toen Tsjaikovski in november 1893 zelf overleed,\u00a0werd de componist door Rachmaninoff\u00a0ge\u00eberd met diens Trio \u00e9l\u00e9giaque Nr. 2. Een jaar\u00a0later componeerde Arenski op zijn beurt een\u00a0elegisch trio ter nagedachtenis van de cellist\u00a0Karl Davidov. Deze muzikale traditie lijkt ontstaan\u00a0te zijn in 1855 met Smetana\u2019s Pianotrio in<br \/>\ng-mineur, dat hij schreef na het verlies van zijn\u00a0dochter. Hoewel er bijna een eeuw zit tussen\u00a0Smetana\u2019s Pianotrio en dat van Sjostakovitsj,\u00a0drukken de twee werken dezelfde rauwe emoties\u00a0uit \u2013 diepe, aanslepende tristesse, vlagen\u00a0van woede en dierbare momenten van hoop \u2013\u00a0die onafscheidelijk zijn van het rouwproces.<\/p>\n<p>Bed\u0159ich Smetana (1824-1884):\u00a0Pianotrio in g-mineur, Op. 15 (1855)<\/p>\n<p>Bed\u0159ich Smetana, die bekend staat als de vader van de Tsjechische muziek, wordt vaak gevierd om zijn symfonische werk \u2013 vooral zijn symfonische cyclus M\u00e1 vlast (\u2018Mijn vaderland\u2019) \u2013 en zijn komische opera &#8220;De verkochte bruid&#8221;. Vroeg in zijn carri\u00e8re schreef hij verschillende klavierstukken, maar van zijn allereerste pogingen om kamermuziek te schrijven blijft alleen zijn Fantasia op een Boheems volkslied (1843) voor viool en piano over. Het Pianotrio in g-mineur, Op. 15 is niet alleen zijn eerste volwassen kamermuziekstuk, maar \u00fcberhaupt zijn eerste grote werk. Smetana componeerde het trio in een van de moeilijkste periodes uit zijn leven. Op 6 september 1855 verloor hij zijn vierjarige dochter Bedri\u0161ka aan roodvonk. Van zijn vier dochters was ze de tweede die overleed in de kindertijd. Het verlies van Bedri\u0161ka was een des te hardere klap voor Smetana omdat het meisje blijk gaf van een uitzonderlijk muzikaal talent. Haar dood zette de componist aan tot het schrijven van het trio, zoals hij aangaf in een brief aan een vriend: \u201cHet verlies van mijn oudste dochter, een uitzonderlijk getalenteerd kind, was de aanleiding voor het schrijven, in 1855, van de kamercompositie Trio in g-mineur.\u201d Op 22 november 1855 was het trio af, en het werk ging op 3 december van dat jaar in premi\u00e8re in Praag. Het Pianotrio, een elegie voor Smetana\u2019s dochter, drukt vanaf de eerste noot de pijn van verlies uit. De viool opent de eerste beweging met een reeks zieltogende zuchtfiguren in het laagste register. Vervolgens komen de cello en piano erbij, om met respectievelijk een tegenmelodie en een ritmische hartslag het droeve verhaal van de viool kracht bij te zetten. De beweging in haar geheel toont dan wel de overweldigende kracht van wanhoop, maar ze bevat ook lichtere, hoopvollere momenten. Het tweede thema is bijvoorbeeld geschreven in majeurmodus en lichtvoetiger van aard. Smetana omschreef de melodie als zijn overleden dochters favoriet; het thema staat toe even te ontsnappen uit de overheersende tristesse van de beweging. Het hoofdthema van het Allegro, ma non agitato is een energieke polka, vol scherpe accenten en plotse juxtaposities van forte en piano. De twee alternativo-secties in majeurmodus zijn daarentegen vloeiend en lyrisch. De eerste is pastoraal van aard, de andere breedvoerig en plechtstatig, maar allebei vormen ze een passend tegenwicht tegen de puntige accenten van de levendige polka. Het Presto barst van de energie. Een schijnbaar eindeloze stroom van drie tegen twee imiteert de galop van een paard, en doet enigszins denken aan het stuwende ritme van Schuberts Erlk\u00f6nig, waarin een vader zijn paard aanjaagt om zijn zoon van de dood te redden. In Smetana\u2019s Presto transformeert die galop in soberdere, delicate lyriek die uiteindelijk opbouwt naar een krachtige begrafenismars, met in de pianopartij een donderende linkerhand die zorgt voor een jachtige trommelslag. Het werk vindt zijn hoogtepunt in een uitgelaten g-majeur, waarbij de viool en cello eensgezind een slotakkoord van hoop en volharding zingen.<\/p>\n<\/div>\n<div class=\"album-description\">\n<p><a href=\"https:\/\/www.etcetera-records.com\/album\/645\/smetana-shostakovich-piano-trios\" target=\"_blank\" rel=\"noopener\"><strong>Meer informatie vind je hier.<\/strong><\/a><\/p>\n<h6>Ensembl\u2019Arenski<\/h6>\n<p>Claire Dassesse violin<br \/>\nAurore Dassesse cello<br \/>\nStephanie Proot piano<\/p>\n<p>De eerste ontmoeting tussen Stephanie Proot\u00a0en de zussen Claire en Aurore Dassesse vond\u00a0plaats in de herfst van 2012, toen ze door\u00a0concertorganisator Euterpe waren uitgenodigd\u00a0om het Pianotrio in d van Anton Arenski te\u00a0vertolken. Het concert was een eclatant succes,\u00a0waarop de drie dames beslisten de eerder\u00a0toevallige samenwerking als een permanent\u00a0ensemble verder te zetten. Hun eerste gezamelijke<br \/>\nwapenfeit indachtig, doopten Claire,\u00a0Aurore en Stephanie de kamermuziekgroep\u00a0Ensembl\u2019Arenski, een welgekozen naam die\u00a0hen ook toelaat in wisselende bezettingen voor\u00a0het voetlicht te treden. Als pianotrio kijken de\u00a0drie musici met een frisse blik naar het grote\u00a0repertoire. Tegelijkertijd laten ze het publiek\u00a0kennismaken met minder bekende werken. Op\u00a0zoek naar het perfecte samenspel ging Ensembl\u2019Arenski\u00a0binnen de muren van de Brusselse\u00a0Muziekkapel Koningin Elisabeth in de leer bij\u00a0het befaamde Artemis Quartett. De groep verscheen\u00a0al in de programmaboeken van talloze\u00a0binnen- en buitenlandse concertorganisaties,\u00a0waaronder De Bijloke, Festival Musiq3,\u00a0het Muziekinstrumentenmuseum\u00a0en Concertgebouw Brugge.<\/p>\n<p>In 2017 werd Ensembl\u2019Arenski verkozen\u00a0tot Supernova, een duwtje in de rug voor onder\u00a0andere een concerttour doorheen Belgi\u00eb en de\u00a0uitgave van een eerste cd.\u00a0De drie leden van het ensemble kunnen een<br \/>\nhoop persoonlijke muzikale ervaringen delen\u00a0met hun compagnons, ervaringen die ze opdeden\u00a0tijdens hun studies, doorheen indrukwekkende\u00a0wedstrijdparcoursen, bij het spelen van\u00a0talloze concerten en dankzij inspirerende ontmoetingen\u00a0met collega\u2019s wereldwijd.<\/p>\n<p>&nbsp;<\/p>\n<p><strong>Claire Dassesse<\/strong> (\u00b01989) ontdekte de viool op 6-jarige leeftijd waarna ze van 2004 tot 2007 haar muzikale parcours voortzette als \u2018jong uitzonderlijk talent\u2019 aan de Muziekkapel Koningin Elisabeth bij Augustin Dumay en Tatiana Samouil. Vervolgens verwierf ze haar bachelor aan het Koninklijk Conservatorium te Brussel in de klas van Igor Oistrakh. Tussen 2009 en 2015 haalde ze, onder de hoede van Mihaela Martin, in de Haute Ecole de Musique de Gen\u00e8ve en de Hochshule f\u00fcr Musik und Tanz K\u00f6ln twee masters en het Konzertexamen. Die studieijver wierp zijn vruchten af, want Claire mocht onder andere de eerste prijzen op de Breughel-, Didier No\u00e9-, Deru- en de befaamde Vieuxtempswedstrijd bijschrijven op haar palmares en wist ook de Nancy Philippartbeurs in de wacht te slepen. Ze trad als soliste op met het Slovakia Sinfonietta Orchestra en het Orchestre des Pays de Savoie, speelde in zalen als het Royal Opera House in London, Flagey en het Koninklijk Paleis in Brussel\u2026en verzorgde liveopnames voor de Zwitserse radio, RTBF en Franse Musique. Sinds 2013 is ze ook permanent aan de slag bij het Orchestre de la Suisse Romande.<\/p>\n<p><strong>Aurore Dassesse<\/strong> (\u00b01991) begon haar cellostudies op 7-jarige leeftijd. Na les te hebben gevolgd bij Ilia Laporev, werd ze in 2003 als \u2018jong uitzonderlijk talent\u2019 toegelaten tot de klas van Justus Grimm in de Muziekkapel Koningin Elisabeth. Vervolgens studeerde ze bij H\u00e9l\u00e8ne Dautry, als student van het Conservatoire de Paris, en begon Aurore haar bachelorjaren bij Grimm aan het Conservatorium van Antwerpen. Sinds 2012 studeert ze in de Hochschule f\u00fcr Musik te Saarbr\u00fccken bij Gustav Rivinius en is ze op weg om na een bachelor- en masterdiploma ook een solistendiploma te bemachtigen. Aurore was succesvol in verschillende competities. Zo won ze onder meer de Breughelwedstrijd en het Concours Europ\u00e9en pour Jeunes Solistes te Luxembourg en werd ze tot Young Belgian Talent verkozen door The Bayard Patnership. Ze was te gast in de grote Belgische huizen en belandde als lid van het European Union Youth Orchestra op de podia van de Royal Albert Hall in Londen, het Berlijnse Konzerthaus en het Concertgebouw van Amsterdam.<\/p>\n<p><strong>Stephanie Proot<\/strong> (\u00b01987) behaalde in 2009 haar masterdiploma aan het Antwerpse Conservatorium in de klas van Levente Kende. Ze vervolgde haar vorming als solist bij Ramzi Yassa aan de Ecole Normale Alfred Cortot te Parijs en bij Abdel Rachman El Bacha in de Muziekkapel Koningin Elisabeth. Haar laatste mentor is Lev Natochenny, bij wie ze tot 2016 aan de Frankfurter Hochschule f\u00fcr Darstellende Kunst und Musik studeerde. Als kind mocht Stephanie zegevieren in zowat alle Belgische wedstrijden. Daarna kaapte ze ook op internationale competities (onder meer in M\u00e9e-sur-Seine, Madrid, Porto, Shanghai, London, Zagrab en Bonn) vaak de hoogste prijzen weg en werd ze niet zelden tot publiekslieveling gekroond. In 2012 was het goed raak en won ze vier wedstrijden op een rij (in Wernigerode, Massarosa, Granada en Leuze). Een jaar later was ze halvefinaliste van de Koningin Elisabethwedstrijd. Voor haar vertolkingen in binnen- en buitenland prijst een unanieme pers Stephanie om haar geraffineerde, expressieve en kleurrijke spel. Onderhand is Stephanie ook zelf docent en combineert ze haar concertcarri\u00e8re met het begeleiden van jong aanstormend talent.<\/p>\n<\/div>\n","protected":false},"excerpt":{"rendered":"<p>(geluidsfragment volgt nog) Componist(en): Bed\u0159ich Smetana\u00a0(1824-1884) Dmitri Sjostakovitsj\u00a0(1906-1975) Artiest(en): Ensembl&#8217;Arenski [&hellip;]<\/p>\n","protected":false},"author":19,"featured_media":0,"parent":2196,"menu_order":0,"comment_status":"closed","ping_status":"closed","template":"","meta":{"_EventAllDay":false,"_EventTimezone":"","_EventStartDate":"","_EventEndDate":"","_EventStartDateUTC":"","_EventEndDateUTC":"","_EventShowMap":false,"_EventShowMapLink":false,"_EventURL":"","_EventCost":"","_EventCostDescription":"","_EventCurrencySymbol":"","_EventCurrencyPosition":"","_EventDateTimeSeparator":"","_EventTimeRangeSeparator":"","_EventOrganizerID":[],"_EventVenueID":0,"_OrganizerEmail":"","_OrganizerPhone":"","_OrganizerWebsite":"","_VenueAddress":"","_VenueCity":"","_VenueCountry":"","_VenueProvince":"","_VenueZip":"","_VenuePhone":"","_VenueURL":"","_VenueStateProvince":"","_VenueLat":"","_VenueLng":"","_tribe_blocks_recurrence_rules":"","_tribe_blocks_recurrence_exclusions":"","_tribe_blocks_recurrence_description":"","spay_email":""},"jetpack_sharing_enabled":true,"jetpack_shortlink":"https:\/\/wp.me\/P22GyJ-1CD","_links":{"self":[{"href":"https:\/\/beeldenstorm.be\/web\/wp-json\/wp\/v2\/pages\/6239"}],"collection":[{"href":"https:\/\/beeldenstorm.be\/web\/wp-json\/wp\/v2\/pages"}],"about":[{"href":"https:\/\/beeldenstorm.be\/web\/wp-json\/wp\/v2\/types\/page"}],"author":[{"embeddable":true,"href":"https:\/\/beeldenstorm.be\/web\/wp-json\/wp\/v2\/users\/19"}],"replies":[{"embeddable":true,"href":"https:\/\/beeldenstorm.be\/web\/wp-json\/wp\/v2\/comments?post=6239"}],"version-history":[{"count":16,"href":"https:\/\/beeldenstorm.be\/web\/wp-json\/wp\/v2\/pages\/6239\/revisions"}],"predecessor-version":[{"id":9969,"href":"https:\/\/beeldenstorm.be\/web\/wp-json\/wp\/v2\/pages\/6239\/revisions\/9969"}],"up":[{"embeddable":true,"href":"https:\/\/beeldenstorm.be\/web\/wp-json\/wp\/v2\/pages\/2196"}],"wp:attachment":[{"href":"https:\/\/beeldenstorm.be\/web\/wp-json\/wp\/v2\/media?parent=6239"}],"curies":[{"name":"wp","href":"https:\/\/api.w.org\/{rel}","templated":true}]}}