{"id":6712,"date":"2018-01-16T12:26:20","date_gmt":"2018-01-16T11:26:20","guid":{"rendered":"http:\/\/beeldenstorm.be\/web\/?page_id=6712"},"modified":"2018-08-14T12:30:44","modified_gmt":"2018-08-14T10:30:44","slug":"evenwicht-equilibre-gedicht","status":"publish","type":"page","link":"https:\/\/beeldenstorm.be\/web\/teksten\/inspirerende-gedichten\/evenwicht-equilibre-gedicht\/","title":{"rendered":"Evenwicht &#8211; \u00e9quilibre \u2022 gedicht"},"content":{"rendered":"<p>[NL]<\/p>\n<h5>In evenwicht<\/h5>\n<p>kantje boord<br \/>\nop het randje van de straat<br \/>\nscharnierende gewrichten<br \/>\nkoorden die aan kuiten trekken<br \/>\nquickstep stappen en een steentje overslaan<\/p>\n<p>ruggen rechten<br \/>\nplichten roepen<\/p>\n<p>zal mijn gang zich eens verzwikken<br \/>\nen teloorgaan in het ijle<br \/>\nvan \u2018t verloren evenwicht<\/p>\n<p>zal ik tijdens \u2018t zweven van mijn val<br \/>\neen uitvlucht vinden<br \/>\nen mij dan in wankelmodus zetten<br \/>\nen belanden in balans<\/p>\n<p>in evenwicht<br \/>\ntegengewicht<br \/>\nonnozel wicht<br \/>\nde geest ontwricht<\/p>\n<p>ieder recht heeft zo zijn plichten<br \/>\nlaat ons dansen op de koord<br \/>\nlaat ons leren door de val<br \/>\nen het steeds opnieuw proberen<\/p>\n<p>leer ons zweven<br \/>\nleer ons dalen<\/p>\n<p>laat de plicht ons rechter lijnen<br \/>\nen ons leiden op de weg<br \/>\nvol met kronkels en met gangen<br \/>\nlaat de wijsheid haat vervangen<\/p>\n<p>laat ons wegen in de maat<br \/>\nlaat ons scheiden \u2019t goed van \u2019t kwaad<\/p>\n<p>leer ons \u2019t kwade te erkennen<br \/>\nlaat ons trachten het te remmen<br \/>\nen te bannen uit ons leven<\/p>\n<p>laat ons streven naar geluk<\/p>\n<p>Hoeveel weegt de tijd<br \/>\ndie druppelt op ons lijf<br \/>\nen sletig schalen vijlt uit onze schouders<br \/>\nzodat \u2019t dragen zo armoedig raakt<\/p>\n<p>wat vijzelt onze krachten uit de kom<br \/>\nzodat wij krakend wakker worden<br \/>\nen snakken naar wat zon<\/p>\n<p>wie zal ons lichten in de nacht<br \/>\nons warmen in ons hart<br \/>\nen steunen tot aan de overkant<\/p>\n<p>knarsende radertjes in een lichaam<br \/>\nde slinger uit zijn lood geslagen<br \/>\ndriftig rood tot op de wangen<br \/>\nbalancerend op de schaamte<br \/>\nschaatsen we verder op het ijs<\/p>\n<p>je hebt nog niet genoeg gehad<br \/>\nje hebt nog niet genoeg gegeven<br \/>\nje moet nog zoveel doen en overdoen<\/p>\n<p>onze wereld is uit \u2019t evenwicht<\/p>\n<p>de tijd die vluchtig geurt in onze tuin der duizend lusten<br \/>\nde zon die onze harten kleurt<br \/>\nde wind die koelt van \u2019t blazen door ons groot gelijk<\/p>\n<p>hoelang ga jij mij nog moeilijk vinden<br \/>\nterwijl je me makkelijk bereiken kan<\/p>\n<p>wil jij wel zoeken naar balans<br \/>\nwaar wens en droom niet tot een koude oorlog leiden<br \/>\nmaar \u2019t leven zoet zijn gang laat gaan<br \/>\nen harten laat verblijden.\u00ad\u00ad<\/p>\n<p>&nbsp;<\/p>\n<p>70 jaar Universele Verklaring van de Rechten van de Mens<\/p>\n<p><em>Nik Honinckx 12 januari 2018<\/em><\/p>\n<p><em>\u00a0<\/em><\/p>\n<p>[FR]<\/p>\n<h5>En \u00e9quilibre<\/h5>\n<p>de justesse<br \/>\nen bordure extr\u00eame de la rue<br \/>\narticulations pivotantes<br \/>\ncordes tirant dur les mollets<br \/>\ndes pas quickstep et sauter une pierre<br \/>\ndes dos se redressent<br \/>\ndes devoirs appellent<br \/>\nma marche se tordra-t-elle un jour<br \/>\npour se perdre dans le vide<br \/>\nde l\u2019\u00e9quilibre disparu<br \/>\ntrouverai-je en planant dans ma chute<br \/>\nune excuse<br \/>\npour me mettre en mode vacillant<br \/>\net atterrir d\u2019aplomb<br \/>\nen \u00e9quilibre<br \/>\nd\u00e9s\u00e9quilibre<br \/>\nbabin innocent<br \/>\nl\u2019esprit d\u00e9sax\u00e9<br \/>\ntout droit implique quelque devoir<br \/>\ndansons donc sur la corde<br \/>\ntirons des le\u00e7ons de la chute<br \/>\net n\u2019arr\u00eatons pas d\u2019essayer<br \/>\napprends-nous \u00e0 planer<br \/>\napprends-nous \u00e0 descendre<br \/>\nque le devoir nous guide plus droit<br \/>\net nous indique la voie<br \/>\npleine de lacets et d\u2019obstacles<br \/>\nque la sagesse remplace la haine<br \/>\npesons sur mesure<br \/>\net s\u00e9parons le bien du mal<br \/>\napprends-nous \u00e0 reconna\u00eetre le mal<br \/>\neffor\u00e7ons-nous de le freiner<br \/>\net de le bannir de nos vies<\/p>\n<p>aspirons au bonheur<br \/>\nCombien p\u00e8se le temps<br \/>\nqui tombe goutte \u00e0 goutte sur notre corps<br \/>\net creuse l\u2019usure dans nos \u00e9paules<br \/>\nau point qu\u2019elles portent pitoyablement<br \/>\nqu\u2019est-ce qui d\u00e9bo\u00eete nos forces<br \/>\nde sorte qu\u2019on se r\u00e9veille bringuebalant<br \/>\naspirant \u00e0 un peu de soleil<br \/>\nqui nous \u00e9clairera dans la nuit<br \/>\nqui chauffera notre c\u0153ur<br \/>\net nous soutiendra jusqu\u2019\u00e0 l\u2019autre rive<br \/>\nrouages grin\u00e7ants dans un corps<br \/>\nle pendule d\u00e9boussol\u00e9<br \/>\nrouge col\u00e9reux jusqu\u2019aux joues<br \/>\nbalan\u00e7ant sur la honte<br \/>\nnous patinons encore sur la glace<br \/>\ntu n\u2019as pas encore eu assez<br \/>\ntu n\u2019as pas encore assez donn\u00e9<br \/>\nil y a encore tant et tant \u00e0 faire et \u00e0 refaire<\/p>\n<p>le monde a perdu son \u00e9quilibre<br \/>\nle temps aux ar\u00f4mes fugaces dans notre jardin de mille d\u00e9lices<br \/>\nle soleil qui colorie nos c\u0153urs<br \/>\nle vent qui refroidit de toujours vouloir avoir raison<br \/>\ncombien de temps me trouveras-tu si difficilement<br \/>\nalors que tu peux me joindre si facilement<br \/>\ntu es bien s\u00fbr que tu veux chercher un \u00e9quilibre<br \/>\nl\u00e0 o\u00f9 le d\u00e9sir et le r\u00eave n\u2019engendrent pas de guerre froide<br \/>\nmais laissent la vie suivre son cours si doux<br \/>\net se r\u00e9jouir nos c\u0153urs.<\/p>\n<p>&nbsp;<\/p>\n<p>70 ans de D\u00e9claration universelle des Droits de l\u2019Homme<\/p>\n<p><em>Nik Honinckx, 12 janvier 2018<\/em><\/p>\n<p><em>\u00a0<\/em><\/p>\n","protected":false},"excerpt":{"rendered":"<p>[NL] In evenwicht kantje boord op het randje van de [&hellip;]<\/p>\n","protected":false},"author":19,"featured_media":0,"parent":307,"menu_order":0,"comment_status":"closed","ping_status":"closed","template":"","meta":{"_EventAllDay":false,"_EventTimezone":"","_EventStartDate":"","_EventEndDate":"","_EventStartDateUTC":"","_EventEndDateUTC":"","_EventShowMap":false,"_EventShowMapLink":false,"_EventURL":"","_EventCost":"","_EventCostDescription":"","_EventCurrencySymbol":"","_EventCurrencyPosition":"","_EventDateTimeSeparator":"","_EventTimeRangeSeparator":"","_EventOrganizerID":[],"_EventVenueID":0,"_OrganizerEmail":"","_OrganizerPhone":"","_OrganizerWebsite":"","_VenueAddress":"","_VenueCity":"","_VenueCountry":"","_VenueProvince":"","_VenueZip":"","_VenuePhone":"","_VenueURL":"","_VenueStateProvince":"","_VenueLat":"","_VenueLng":"","_tribe_blocks_recurrence_rules":"","_tribe_blocks_recurrence_exclusions":"","_tribe_blocks_recurrence_description":"","spay_email":""},"jetpack_sharing_enabled":true,"jetpack_shortlink":"https:\/\/wp.me\/P22GyJ-1Kg","_links":{"self":[{"href":"https:\/\/beeldenstorm.be\/web\/wp-json\/wp\/v2\/pages\/6712"}],"collection":[{"href":"https:\/\/beeldenstorm.be\/web\/wp-json\/wp\/v2\/pages"}],"about":[{"href":"https:\/\/beeldenstorm.be\/web\/wp-json\/wp\/v2\/types\/page"}],"author":[{"embeddable":true,"href":"https:\/\/beeldenstorm.be\/web\/wp-json\/wp\/v2\/users\/19"}],"replies":[{"embeddable":true,"href":"https:\/\/beeldenstorm.be\/web\/wp-json\/wp\/v2\/comments?post=6712"}],"version-history":[{"count":3,"href":"https:\/\/beeldenstorm.be\/web\/wp-json\/wp\/v2\/pages\/6712\/revisions"}],"predecessor-version":[{"id":10014,"href":"https:\/\/beeldenstorm.be\/web\/wp-json\/wp\/v2\/pages\/6712\/revisions\/10014"}],"up":[{"embeddable":true,"href":"https:\/\/beeldenstorm.be\/web\/wp-json\/wp\/v2\/pages\/307"}],"wp:attachment":[{"href":"https:\/\/beeldenstorm.be\/web\/wp-json\/wp\/v2\/media?parent=6712"}],"curies":[{"name":"wp","href":"https:\/\/api.w.org\/{rel}","templated":true}]}}